{"id":1735,"date":"2022-01-24T21:22:02","date_gmt":"2022-01-24T20:22:02","guid":{"rendered":"https:\/\/wordpress.vecurosoft.com\/kundax\/?page_id=1735"},"modified":"2025-06-11T11:19:28","modified_gmt":"2025-06-11T11:19:28","slug":"kontakt","status":"publish","type":"page","link":"https:\/\/www.megaplast-indjija.rs\/en\/kontakt\/","title":{"rendered":"Contact"},"content":{"rendered":"<div data-elementor-type=\"wp-page\" data-elementor-id=\"1735\" class=\"elementor elementor-1735\">\n\t\t\t\t\r\n<!--======== \/ Gallery Section ========-->\t\t<section class=\"elementor-section elementor-top-section elementor-element elementor-element-c0c0ea3 elementor-section-boxed elementor-section-height-default elementor-section-height-default\" data-id=\"c0c0ea3\" data-element_type=\"section\">\n\t\t\t\t\t\t<div class=\"elementor-container elementor-column-gap-no\">\n\t\t\t\t\t<div class=\"elementor-column elementor-col-100 elementor-top-column elementor-element elementor-element-03fa6e9\" data-id=\"03fa6e9\" data-element_type=\"column\">\n\t\t\t<div class=\"elementor-widget-wrap elementor-element-populated\">\n\t\t\t\t\t\t<section class=\"elementor-section elementor-inner-section elementor-element elementor-element-8f775e3 elementor-section-full_width elementor-section-height-default elementor-section-height-default\" data-id=\"8f775e3\" data-element_type=\"section\">\n\t\t\t\t\t\t<div class=\"elementor-container elementor-column-gap-no\">\n\t\t\t\t\t<div class=\"elementor-column elementor-col-50 elementor-inner-column elementor-element elementor-element-c9d7be6\" data-id=\"c9d7be6\" data-element_type=\"column\">\n\t\t\t<div class=\"elementor-widget-wrap elementor-element-populated\">\n\t\t\t\t\r\n<!--======== \/ Gallery Section ========-->\t\t<div class=\"elementor-element elementor-element-b00209a elementor-widget elementor-widget-kundaxappointmentwidget\" data-id=\"b00209a\" data-element_type=\"widget\" data-widget_type=\"kundaxappointmentwidget.default\">\n\t\t\t\t<div class=\"elementor-widget-container\">\n\t\t\t\t\t<!-----------------------Start Appointment Area-----------------------><div class=\"contact-form-box\"><h2 class=\"contact-title\">Write to us...<\/h2><p class=\"mb-35\">Do you have questions about our toys, are interested in collaboration, or want to share your feedback?\nPlease fill out the form below, and our team will get back to you as soon as possible.<\/p><div class=\"contact-form\"><p class=\"wpcf7-contact-form-not-found\"><strong>Error:<\/strong> Contact form not found.<\/p><\/div><\/div><!-----------------------End Appointment Area----------------------->\t\t\t\t<\/div>\n\t\t\t\t<\/div>\n\t\t\t\t\t<\/div>\n\t\t<\/div>\n\t\t\t\t<div class=\"elementor-column elementor-col-50 elementor-inner-column elementor-element elementor-element-50199d4\" data-id=\"50199d4\" data-element_type=\"column\">\n\t\t\t<div class=\"elementor-widget-wrap elementor-element-populated\">\n\t\t\t\t\t\t<div class=\"elementor-element elementor-element-ab59153 elementor-widget elementor-widget-kundaxcontactinfowidget\" data-id=\"ab59153\" data-element_type=\"widget\" data-widget_type=\"kundaxcontactinfowidget.default\">\n\t\t\t\t<div class=\"elementor-widget-container\">\n\t\t\t\t\t<!-----------------------Start Contact Informations-----------------------><div class=\"contact-info-box\"><h2 class=\"contact-title\">Contact information<\/h2><div class=\"info-media\"><div class=\"media-icon\"><img decoding=\"async\" src=\"https:\/\/wordpress.vecurosoft.com\/knirpse\/wp-content\/uploads\/2023\/03\/location.png\" alt=\"location\"  \/><\/div><div class=\"media-body\"><h4 class=\"info-title\">Adress:<\/h4><p class=\"info-text\">Zmaj Jovina 47, Indjija, Serbia 22320<\/p><\/div><\/div><div class=\"info-media\"><div class=\"media-icon\"><img decoding=\"async\" src=\"https:\/\/wordpress.vecurosoft.com\/knirpse\/wp-content\/uploads\/2023\/03\/phone.png\" alt=\"phone\"  \/><\/div><div class=\"media-body\"><h4 class=\"info-title\">Number:<\/h4><p class=\"info-text\"><a href=\"tel:+38162558408\">+ 381 62 558 408<\/a> (or) <a href=\"tel:+38163514464\">+ 381 63 514 464<\/a><\/p><\/div><\/div><div class=\"info-media\"><div class=\"media-icon\"><img decoding=\"async\" src=\"https:\/\/wordpress.vecurosoft.com\/knirpse\/wp-content\/uploads\/2023\/03\/email.png\" alt=\"email\"  \/><\/div><div class=\"media-body\"><h4 class=\"info-title\">E-mail:<\/h4><p class=\"info-text\"><a href=\"mailto:megaplastindjija@mts.rs\">megaplastindjija@mts.rs<\/a> <\/div><\/div><\/div><!-----------------------End Contact Informations----------------------->\t\t\t\t<\/div>\n\t\t\t\t<\/div>\n\t\t\t\t\t<\/div>\n\t\t<\/div>\n\t\t\t\t\t<\/div>\n\t\t<\/section>\n\t\t\t\t\t<\/div>\n\t\t<\/div>\n\t\t\t\t\t<\/div>\n\t\t<\/section>\n\t\t<div class=\"elementor-element elementor-element-feef2cf e-con-full e-flex e-con e-parent\" data-id=\"feef2cf\" data-element_type=\"container\">\n\t\t\t\t<div class=\"elementor-element elementor-element-3a4065f elementor-widget elementor-widget-google_maps\" data-id=\"3a4065f\" data-element_type=\"widget\" data-widget_type=\"google_maps.default\">\n\t\t\t\t<div class=\"elementor-widget-container\">\n\t\t\t\t\t\t\t<div class=\"elementor-custom-embed\">\n\t\t\t<iframe loading=\"lazy\"\n\t\t\t\t\tsrc=\"https:\/\/www.google.com\/maps\/embed\/v1\/place?key=AIzaSyBPvBn6RLkiCRmu6HilldSp6Nh7XVCo7Q4&#038;q=Zmaj%20jovina%2043%2C%20In%C4%91ija%2022320&#038;zoom=18\"\n\t\t\t\t\ttitle=\"Zmaj jovina 43, In\u0111ija 22320\"\n\t\t\t\t\taria-label=\"Zmaj jovina 43, In\u0111ija 22320\"\n\t\t\t><\/iframe>\n\t\t<\/div>\n\t\t\t\t\t\t<\/div>\n\t\t\t\t<\/div>\n\t\t\t\t<\/div>\n\t\t\t\t<\/div>","protected":false},"excerpt":{"rendered":"<p>Pi\u0161ite nam&#8230; Imate pitanje o na\u0161im igra\u010dkama, zainteresovani ste za saradnju ili \u017eelite da podelite svoje utiske? Popunite formu ispod i na\u0161 tim \u0107e vam se javiti u najkra\u0107em mogu\u0107em roku. Po\u0161alji Kontakt informacije Adresa: Zmaj Jovina 47, In\u0111ija, Srbija 22320 Telefon: + 381 62 558 408 (or) + 381 63 514 464 E-mail: megaplastindjija@mts.rs<\/p>","protected":false},"author":1,"featured_media":0,"parent":0,"menu_order":0,"comment_status":"closed","ping_status":"closed","template":"template-builder.php","meta":{"footnotes":""},"class_list":["post-1735","page","type-page","status-publish","hentry"],"aioseo_notices":[],"_links":{"self":[{"href":"https:\/\/www.megaplast-indjija.rs\/en\/wp-json\/wp\/v2\/pages\/1735","targetHints":{"allow":["GET"]}}],"collection":[{"href":"https:\/\/www.megaplast-indjija.rs\/en\/wp-json\/wp\/v2\/pages"}],"about":[{"href":"https:\/\/www.megaplast-indjija.rs\/en\/wp-json\/wp\/v2\/types\/page"}],"author":[{"embeddable":true,"href":"https:\/\/www.megaplast-indjija.rs\/en\/wp-json\/wp\/v2\/users\/1"}],"replies":[{"embeddable":true,"href":"https:\/\/www.megaplast-indjija.rs\/en\/wp-json\/wp\/v2\/comments?post=1735"}],"version-history":[{"count":0,"href":"https:\/\/www.megaplast-indjija.rs\/en\/wp-json\/wp\/v2\/pages\/1735\/revisions"}],"wp:attachment":[{"href":"https:\/\/www.megaplast-indjija.rs\/en\/wp-json\/wp\/v2\/media?parent=1735"}],"curies":[{"name":"wp","href":"https:\/\/api.w.org\/{rel}","templated":true}]}}