{"id":5203,"date":"2025-04-15T14:12:37","date_gmt":"2025-04-15T14:12:37","guid":{"rendered":"https:\/\/www.megaplast-indjija.rs\/?page_id=5203"},"modified":"2025-06-11T11:25:26","modified_gmt":"2025-06-11T11:25:26","slug":"igracke-za-rekreaciju","status":"publish","type":"page","link":"https:\/\/www.megaplast-indjija.rs\/en\/nasi-proizvodi\/igracke-za-rekreaciju\/","title":{"rendered":"Recreation"},"content":{"rendered":"<div data-elementor-type=\"wp-page\" data-elementor-id=\"5203\" class=\"elementor elementor-5203\">\n\t\t\t\t\r\n<!--======== \/ Gallery Section ========-->\t\t<section class=\"elementor-section elementor-top-section elementor-element elementor-element-78a4c1a elementor-section-full_width elementor-section-height-default elementor-section-height-default\" data-id=\"78a4c1a\" data-element_type=\"section\">\n\t\t\t\t\t\t<div class=\"elementor-container elementor-column-gap-no\">\n\t\t\t\t\t<div class=\"elementor-column elementor-col-100 elementor-top-column elementor-element elementor-element-cd8bd03\" data-id=\"cd8bd03\" data-element_type=\"column\">\n\t\t\t<div class=\"elementor-widget-wrap elementor-element-populated\">\n\t\t\t\t\r\n<!--======== \/ Gallery Section ========-->\t\t<div class=\"elementor-element elementor-element-a787e93 elementor-widget elementor-widget-kundaxservicewidget\" data-id=\"a787e93\" data-element_type=\"widget\" data-widget_type=\"kundaxservicewidget.default\">\n\t\t\t\t<div class=\"elementor-widget-container\">\n\t\t\t\t\t<!-----------------------Start Serivice Slider Area-----------------------><div class=\"service-section space service-layout2\"><div class=\"container\"><div class=\"row mb-30 align-items-center wow fadeInUp\" data-wow-delay=\"0.2s\"><\/div><div class=\"row gy-30\"><!-- Single Item --><div class=\"col-xl-4 col-md-6\"><div class=\"service-box\" data-overlay=\"title\" data-opacity=\"6\"><div class=\"service-img\"><img decoding=\"async\" src=\"https:\/\/www.megaplast-indjija.rs\/wp-content\/uploads\/2025\/04\/teniski-reket-cover.jpg\" alt=\"Teniski reket, igra\u010dke za rekreaciju\"  \/><\/div><div class=\"service-content\"><div class=\"service-icon\"><img decoding=\"async\" src=\"https:\/\/www.megaplast-indjija.rs\/wp-content\/uploads\/2025\/04\/3-01-1.svg\" alt=\"3 01 1\"  \/><\/div><h3 class=\"service-title\"><a href=\"\/en\/nasi-proizvodi\/igracke-za-rekreaciju\/teniski-reket\/\">Tennis racket<\/a><\/h3><p class=\"service-text\">The tennis racket is a sports equipment designed for younger children and beginners. <\/p><a href=\"\/en\/nasi-proizvodi\/igracke-za-rekreaciju\/teniski-reket\/\" class=\"vs-btn style-2\">See More<\/a><\/div><\/div><\/div><!-- Single Item --><div class=\"col-xl-4 col-md-6\"><div class=\"service-box\" data-overlay=\"title\" data-opacity=\"6\"><div class=\"service-img\"><img decoding=\"async\" src=\"https:\/\/www.megaplast-indjija.rs\/wp-content\/uploads\/2025\/04\/teniski-reket-maxi-cover.jpg\" alt=\"Teniski reket, igra\u010dke za rekreaciju\"  \/><\/div><div class=\"service-content\"><div class=\"service-icon\"><img decoding=\"async\" src=\"https:\/\/www.megaplast-indjija.rs\/wp-content\/uploads\/2025\/04\/3-01-1.svg\" alt=\"3 01 1\"  \/><\/div><h3 class=\"service-title\"><a href=\"\/en\/nasi-proizvodi\/igracke-za-rekreaciju\/teniski-reket-maxi\/\">Tennis racket MAXI<\/a><\/h3><p class=\"service-text\">The tennis racket is a sports equipment designed for younger children and beginners. <\/p><a href=\"\/en\/nasi-proizvodi\/igracke-za-rekreaciju\/teniski-reket-maxi\/\" class=\"vs-btn style-2\">See More<\/a><\/div><\/div><\/div><!-- Single Item --><div class=\"col-xl-4 col-md-6\"><div class=\"service-box\" data-overlay=\"title\" data-opacity=\"6\"><div class=\"service-img\"><img decoding=\"async\" src=\"https:\/\/www.megaplast-indjija.rs\/wp-content\/uploads\/2025\/04\/klik-klak-cover.jpg\" alt=\"Klik klak, igra\u010dke za rekreaciju\"  \/><\/div><div class=\"service-content\"><div class=\"service-icon\"><img decoding=\"async\" src=\"https:\/\/www.megaplast-indjija.rs\/wp-content\/uploads\/2025\/04\/3-01-1.svg\" alt=\"3 01 1\"  \/><\/div><h3 class=\"service-title\"><a href=\"\/en\/nasi-proizvodi\/igracke-za-rekreaciju\/klik-klak\/\">Klik klak<\/a><\/h3><p class=\"service-text\">Klik Klak is a fun plastic toy. It consists of two identical plastic balls connected by a string and a metal ring.<\/p><a href=\"\/en\/nasi-proizvodi\/igracke-za-rekreaciju\/klik-klak\/\" class=\"vs-btn style-2\">See More<\/a><\/div><\/div><\/div><!-- Single Item --><div class=\"col-xl-4 col-md-6\"><div class=\"service-box\" data-overlay=\"title\" data-opacity=\"6\"><div class=\"service-img\"><img decoding=\"async\" src=\"https:\/\/www.megaplast-indjija.rs\/wp-content\/uploads\/2025\/04\/pistaljka-cover.jpg\" alt=\"Pi\u0161taljka, igra\u010dke za rekreaciju\"  \/><\/div><div class=\"service-content\"><div class=\"service-icon\"><img decoding=\"async\" src=\"https:\/\/www.megaplast-indjija.rs\/wp-content\/uploads\/2025\/04\/3-01-1.svg\" alt=\"3 01 1\"  \/><\/div><h3 class=\"service-title\"><a href=\"\/en\/nasi-proizvodi\/igracke-za-rekreaciju\/pistaljka\/\">Whistle<\/a><\/h3><p class=\"service-text\">The whistle is a fun recreational toy designed for outdoor play, various sports activities, and entertainment, suitable for both children and adults.<\/p><a href=\"\/en\/nasi-proizvodi\/igracke-za-rekreaciju\/pistaljka\/\" class=\"vs-btn style-2\">See More<\/a><\/div><\/div><\/div><!-- Single Item --><div class=\"col-xl-4 col-md-6\"><div class=\"service-box\" data-overlay=\"title\" data-opacity=\"6\"><div class=\"service-img\"><img decoding=\"async\" src=\"https:\/\/www.megaplast-indjija.rs\/wp-content\/uploads\/2025\/04\/vijaca-cover.jpg\" alt=\"Vija\u010da, igra\u010dke za rekreaciju\"  \/><\/div><div class=\"service-content\"><div class=\"service-icon\"><img decoding=\"async\" src=\"https:\/\/www.megaplast-indjija.rs\/wp-content\/uploads\/2025\/04\/3-01-1.svg\" alt=\"3 01 1\"  \/><\/div><h3 class=\"service-title\"><a href=\"\/en\/nasi-proizvodi\/igracke-za-rekreaciju\/vijaca-kanap\/\">Jump Rope (Cotton Rope)<\/a><\/h3><p class=\"service-text\">The cotton jump rope is a toy used for sport and recreation. <\/p><a href=\"\/en\/nasi-proizvodi\/igracke-za-rekreaciju\/vijaca-kanap\/\" class=\"vs-btn style-2\">See More<\/a><\/div><\/div><\/div><!-- Single Item --><div class=\"col-xl-4 col-md-6\"><div class=\"service-box\" data-overlay=\"title\" data-opacity=\"6\"><div class=\"service-img\"><img decoding=\"async\" src=\"https:\/\/www.megaplast-indjija.rs\/wp-content\/uploads\/2025\/04\/VIJACA-PVC-COVER.jpg\" alt=\"Vija\u010da, igra\u010dke za rekreaciju\"  \/><\/div><div class=\"service-content\"><div class=\"service-icon\"><img decoding=\"async\" src=\"https:\/\/www.megaplast-indjija.rs\/wp-content\/uploads\/2025\/04\/3-01-1.svg\" alt=\"3 01 1\"  \/><\/div><h3 class=\"service-title\"><a href=\"\/en\/nasi-proizvodi\/igracke-za-rekreaciju\/vijaca-pvc\/\">Jump Rope (PVC)<\/a><\/h3><p class=\"service-text\">The PVC jump rope is a toy used for sport and recreation. <\/p><a href=\"\/en\/nasi-proizvodi\/igracke-za-rekreaciju\/vijaca-pvc\/\" class=\"vs-btn style-2\">See More<\/a><\/div><\/div><\/div><!-- Single Item --><div class=\"col-xl-4 col-md-6\"><div class=\"service-box\" data-overlay=\"title\" data-opacity=\"6\"><div class=\"service-img\"><img decoding=\"async\" src=\"https:\/\/www.megaplast-indjija.rs\/wp-content\/uploads\/2025\/05\/vijaca-sport-cover.jpg\" alt=\"Vija\u010da, igra\u010dke za rekreaciju\"  \/><\/div><div class=\"service-content\"><div class=\"service-icon\"><img decoding=\"async\" src=\"https:\/\/www.megaplast-indjija.rs\/wp-content\/uploads\/2025\/04\/3-01-1.svg\" alt=\"3 01 1\"  \/><\/div><h3 class=\"service-title\"><a href=\"\/en\/nasi-proizvodi\/igracke-za-rekreaciju\/vijaca-sport\/\">Jump Rope Sport<\/a><\/h3><p class=\"service-text\">The sport jump rope is a toy used for sport and recreation. <\/p><a href=\"\/en\/nasi-proizvodi\/igracke-za-rekreaciju\/vijaca-sport\/\" class=\"vs-btn style-2\">See More<\/a><\/div><\/div><\/div><!-- Single Item --><div class=\"col-xl-4 col-md-6\"><div class=\"service-box\" data-overlay=\"title\" data-opacity=\"6\"><div class=\"service-img\"><img decoding=\"async\" src=\"https:\/\/www.megaplast-indjija.rs\/wp-content\/uploads\/2025\/04\/BOOMERANG-2K-cover.jpg\" alt=\"Bumerang, igra\u010dke za rekreaciju\"  \/><\/div><div class=\"service-content\"><div class=\"service-icon\"><img decoding=\"async\" src=\"https:\/\/www.megaplast-indjija.rs\/wp-content\/uploads\/2025\/04\/3-01-1.svg\" alt=\"3 01 1\"  \/><\/div><h3 class=\"service-title\"><a href=\"\/en\/nasi-proizvodi\/igracke-za-rekreaciju\/bumerang-2k\/\">Boomerang 2K<\/a><\/h3><p class=\"service-text\">Boomerang 2K is a plastic sports equipment with an irregular geometric shape (two arms). <\/p><a href=\"\/en\/nasi-proizvodi\/igracke-za-rekreaciju\/bumerang-2k\/\" class=\"vs-btn style-2\">See More<\/a><\/div><\/div><\/div><!-- Single Item --><div class=\"col-xl-4 col-md-6\"><div class=\"service-box\" data-overlay=\"title\" data-opacity=\"6\"><div class=\"service-img\"><img decoding=\"async\" src=\"https:\/\/www.megaplast-indjija.rs\/wp-content\/uploads\/2025\/04\/boomerang-4k-cover.jpg\" alt=\"Bumerang, igra\u010dke za rekreaciju\"  \/><\/div><div class=\"service-content\"><div class=\"service-icon\"><img decoding=\"async\" src=\"https:\/\/www.megaplast-indjija.rs\/wp-content\/uploads\/2025\/04\/3-01-1.svg\" alt=\"3 01 1\"  \/><\/div><h3 class=\"service-title\"><a href=\"\/en\/nasi-proizvodi\/igracke-za-rekreaciju\/bumerang-4k\/\">Boomerang 4K<\/a><\/h3><p class=\"service-text\">Boomerang 4K is a plastic sports equipment with an irregular geometric shape (four arms). <\/p><a href=\"\/en\/nasi-proizvodi\/igracke-za-rekreaciju\/bumerang-4k\/\" class=\"vs-btn style-2\">See More<\/a><\/div><\/div><\/div><!-- Single Item --><div class=\"col-xl-4 col-md-6\"><div class=\"service-box\" data-overlay=\"title\" data-opacity=\"6\"><div class=\"service-img\"><img decoding=\"async\" src=\"https:\/\/www.megaplast-indjija.rs\/wp-content\/uploads\/2025\/04\/frizbi-fi18-cover.jpg\" alt=\"Frizbi, igra\u010dke za rekreaciju\"  \/><\/div><div class=\"service-content\"><div class=\"service-icon\"><img decoding=\"async\" src=\"https:\/\/www.megaplast-indjija.rs\/wp-content\/uploads\/2025\/04\/3-01-1.svg\" alt=\"3 01 1\"  \/><\/div><h3 class=\"service-title\"><a href=\"\/en\/nasi-proizvodi\/igracke-za-rekreaciju\/frizbi-fi18\/\">Frisbee Fi 18<\/a><\/h3><p class=\"service-text\">A frisbee is a plastic recreational toy with a disc shape. <\/p><a href=\"\/en\/nasi-proizvodi\/igracke-za-rekreaciju\/frizbi-fi18\/\" class=\"vs-btn style-2\">See More<\/a><\/div><\/div><\/div><!-- Single Item --><div class=\"col-xl-4 col-md-6\"><div class=\"service-box\" data-overlay=\"title\" data-opacity=\"6\"><div class=\"service-img\"><img decoding=\"async\" src=\"https:\/\/www.megaplast-indjija.rs\/wp-content\/uploads\/2025\/04\/cover.jpg\" alt=\"Frizbi, igra\u010dke za rekreaciju\"  \/><\/div><div class=\"service-content\"><div class=\"service-icon\"><img decoding=\"async\" src=\"https:\/\/www.megaplast-indjija.rs\/wp-content\/uploads\/2025\/04\/3-01-1.svg\" alt=\"3 01 1\"  \/><\/div><h3 class=\"service-title\"><a href=\"\/en\/nasi-proizvodi\/igracke-za-rekreaciju\/frizbi-fi18-2\/\">Frisbee Fi 21<\/a><\/h3><p class=\"service-text\">A frisbee is a plastic recreational toy with a disc shape. <\/p><a href=\"\/en\/nasi-proizvodi\/igracke-za-rekreaciju\/frizbi-fi18-2\/\" class=\"vs-btn style-2\">See More<\/a><\/div><\/div><\/div><!-- Single Item --><div class=\"col-xl-4 col-md-6\"><div class=\"service-box\" data-overlay=\"title\" data-opacity=\"6\"><div class=\"service-img\"><img decoding=\"async\" src=\"https:\/\/www.megaplast-indjija.rs\/wp-content\/uploads\/2025\/04\/frizbi-fi21-cover.jpg\" alt=\"Frizbi, igra\u010dke za rekreaciju\"  \/><\/div><div class=\"service-content\"><div class=\"service-icon\"><img decoding=\"async\" src=\"https:\/\/www.megaplast-indjija.rs\/wp-content\/uploads\/2025\/04\/3-01-1.svg\" alt=\"3 01 1\"  \/><\/div><h3 class=\"service-title\"><a href=\"\/en\/nasi-proizvodi\/igracke-za-rekreaciju\/frizbi-fi21\/\">Frisbee Fi 23<\/a><\/h3><p class=\"service-text\">A frisbee is a plastic recreational toy with a disc shape. <\/p><a href=\"\/en\/nasi-proizvodi\/igracke-za-rekreaciju\/frizbi-fi21\/\" class=\"vs-btn style-2\">See More<\/a><\/div><\/div><\/div><!-- Single Item --><div class=\"col-xl-4 col-md-6\"><div class=\"service-box\" data-overlay=\"title\" data-opacity=\"6\"><div class=\"service-img\"><img decoding=\"async\" src=\"https:\/\/www.megaplast-indjija.rs\/wp-content\/uploads\/2025\/04\/set-za-rekreacijucover.jpg\" alt=\"Set za rekreaciju, igra\u010dke za rekreaciju\"  \/><\/div><div class=\"service-content\"><div class=\"service-icon\"><img decoding=\"async\" src=\"https:\/\/www.megaplast-indjija.rs\/wp-content\/uploads\/2025\/04\/3-01-1.svg\" alt=\"3 01 1\"  \/><\/div><h3 class=\"service-title\"><a href=\"\/en\/nasi-proizvodi\/igracke-za-rekreaciju\/set-za-rekreaciju\/\">Set for recreation<\/a><\/h3><p class=\"service-text\">The recreation set is a collection of plastic toys.<\/p><a href=\"\/en\/nasi-proizvodi\/igracke-za-rekreaciju\/set-za-rekreaciju\/\" class=\"vs-btn style-2\">See More<\/a><\/div><\/div><\/div><!-- Single Item --><div class=\"col-xl-4 col-md-6\"><div class=\"service-box\" data-overlay=\"title\" data-opacity=\"6\"><div class=\"service-img\"><img decoding=\"async\" src=\"https:\/\/www.megaplast-indjija.rs\/wp-content\/uploads\/2025\/04\/hula-hop-cover.jpg\" alt=\"Hula hop, igra\u010dke za rekreaciju\"  \/><\/div><div class=\"service-content\"><div class=\"service-icon\"><img decoding=\"async\" src=\"https:\/\/www.megaplast-indjija.rs\/wp-content\/uploads\/2025\/04\/3-01-1.svg\" alt=\"3 01 1\"  \/><\/div><h3 class=\"service-title\"><a href=\"\/en\/nasi-proizvodi\/igracke-za-rekreaciju\/hula-hop\/\">Hula hoop<\/a><\/h3><p class=\"service-text\">Hula Hoop is a plastic hoop for recreation. The plastic hoop has a diameter of approximately 80 cm and a thickness of approximately 22 mm.<\/p><a href=\"\/en\/nasi-proizvodi\/igracke-za-rekreaciju\/hula-hop\/\" class=\"vs-btn style-2\">See More<\/a><\/div><\/div><\/div><!-- Single Item --><div class=\"col-xl-4 col-md-6\"><div class=\"service-box\" data-overlay=\"title\" data-opacity=\"6\"><div class=\"service-img\"><img decoding=\"async\" src=\"https:\/\/www.megaplast-indjija.rs\/wp-content\/uploads\/2025\/05\/hulahop-manji-cover.jpg\" alt=\"Hula Hop, igra\u010dke za rekreaciju\"  \/><\/div><div class=\"service-content\"><div class=\"service-icon\"><img decoding=\"async\" src=\"https:\/\/www.megaplast-indjija.rs\/wp-content\/uploads\/2025\/04\/3-01-1.svg\" alt=\"3 01 1\"  \/><\/div><h3 class=\"service-title\"><a href=\"\/en\/nasi-proizvodi\/igracke-za-rekreaciju\/hula-hop-manji\/\">Hula hoop S<\/a><\/h3><p class=\"service-text\">Hula hoop is a plastic hoop for recreation.\n<\/p><a href=\"\/en\/nasi-proizvodi\/igracke-za-rekreaciju\/hula-hop-manji\/\" class=\"vs-btn style-2\">See More<\/a><\/div><\/div><\/div><\/div><\/div><\/div><!-----------------------End Serivice Slider Area----------------------->\t\t\t\t<\/div>\n\t\t\t\t<\/div>\n\t\t\t\t\t<\/div>\n\t\t<\/div>\n\t\t\t\t\t<\/div>\n\t\t<\/section>\n\t\t\t\t<section class=\"elementor-section elementor-top-section elementor-element elementor-element-b28ddac elementor-section-full_width elementor-section-height-default elementor-section-height-default\" data-id=\"b28ddac\" data-element_type=\"section\" data-settings=\"{&quot;background_background&quot;:&quot;classic&quot;}\">\n\t\t\t\t\t\t\t<div class=\"elementor-background-overlay\"><\/div>\n\t\t\t\t\t\t\t<div class=\"elementor-container elementor-column-gap-no\">\n\t\t\t\t\t<div class=\"elementor-column elementor-col-100 elementor-top-column elementor-element elementor-element-c53f75e\" data-id=\"c53f75e\" data-element_type=\"column\">\n\t\t\t<div class=\"elementor-widget-wrap elementor-element-populated\">\n\t\t\t\t\t\t<div class=\"elementor-element elementor-element-5e5f105 elementor-widget elementor-widget-kundaxcta\" data-id=\"5e5f105\" data-element_type=\"widget\" data-widget_type=\"kundaxcta.default\">\n\t\t\t\t<div class=\"elementor-widget-container\">\n\t\t\t\t\t<!-----------------------Start CTA Area-----------------------><div class=\"cta-section space\"><div class=\"container text-center\"><div class=\"title-area mb-35 wow fadeInUp\" data-wow-delay=\"0.2s\"><span class=\"sub-title\">MEGAPLAST<\/span><h2 class=\"sec-title\">Contact Us <br> <a class=\"text-inherit\" href=\"tel:062558408\">062 558 408<\/a><\/h2><\/div><a href=\"\/en\/kontakt\/\" class=\"vs-btn wave-btn\">Contact<\/a><\/div><div class=\"section-before style-2\"><img decoding=\"async\" src=\"https:\/\/wordpress.vecurosoft.com\/knirpse\/wp-content\/uploads\/2022\/01\/main-shape-before.png\" alt=\"Megaplast In\u0111ija\"><\/div><div class=\"section-after style-2\"><img decoding=\"async\" src=\"https:\/\/wordpress.vecurosoft.com\/knirpse\/wp-content\/uploads\/2022\/01\/main-shape-after.png\" alt=\"Megaplast In\u0111ija\"><\/div><\/div><!-----------------------End CTA Area----------------------->\t\t\t\t<\/div>\n\t\t\t\t<\/div>\n\t\t\t\t\t<\/div>\n\t\t<\/div>\n\t\t\t\t\t<\/div>\n\t\t<\/section>\n\t\t\t\t<section class=\"elementor-section elementor-top-section elementor-element elementor-element-b06c8c5 elementor-section-full_width elementor-section-height-default elementor-section-height-default\" data-id=\"b06c8c5\" data-element_type=\"section\" data-settings=\"{&quot;background_background&quot;:&quot;classic&quot;}\">\n\t\t\t\t\t\t<div class=\"elementor-container elementor-column-gap-no\">\n\t\t\t\t\t<div class=\"elementor-column elementor-col-100 elementor-top-column elementor-element elementor-element-4b1f503\" data-id=\"4b1f503\" data-element_type=\"column\">\n\t\t\t<div class=\"elementor-widget-wrap elementor-element-populated\">\n\t\t\t\t\t\t<div class=\"elementor-element elementor-element-af3deca elementor-widget elementor-widget-kundaxappointmentwidget\" data-id=\"af3deca\" data-element_type=\"widget\" data-widget_type=\"kundaxappointmentwidget.default\">\n\t\t\t\t<div class=\"elementor-widget-container\">\n\t\t\t\t\t<!-----------------------Start Appointment Area-----------------------><div class=\"mockup1 custom-class\"><div class=\"container\"><div class=\"row justify-content-center\"><div class=\"col-lg-9 text-center wow fadeInUp\" data-wow-delay=\"0.2s\"><img decoding=\"async\" src=\"https:\/\/www.megaplast-indjija.rs\/wp-content\/uploads\/2025\/04\/leptir-slider-2.png\" alt=\"leptir slider 2\"  class=\"mb-70\" \/><h2 class=\"h1\">Carefree and safe play <\/h2><p class=\"mb-35\">Na\u0161e igra\u010dke izra\u0111ene su od visokokvalitetnih I bezbednih materijala: LDPE (Low-Density PolyEthilen), PP( Polypropylene), ABS. \nOvi materijali su poznati po svojoj izdr\u017eljivosti, fleksibilnost I sigurnosti za decu.<\/p><a href=\"\/en\/nasi-proizvodi\/\" class=\"vs-btn wave-btn\">Our Products<\/a><\/div><\/div><\/div><\/div>\t\t\t\t<\/div>\n\t\t\t\t<\/div>\n\t\t\t\t\t<\/div>\n\t\t<\/div>\n\t\t\t\t\t<\/div>\n\t\t<\/section>\n\t\t\t\t<\/div>","protected":false},"excerpt":{"rendered":"<p>Teniski reket Teniski reket je sportski rekvizit, namenjen deci mla\u0111eg uzrasta i po\u010detnicima. Pregled Teniski reket MAXI Teniski reket je sportski rekvizit, namenjen deci mla\u0111eg uzrasta i po\u010detnicima. Pregled Klik klak Klik Klak je zabavna plasti\u010dna igra\u010dka. Sastoji se od dve jednake plasti\u010dne kugle koje su vezane u\u017eetom i metalnom alkom. Pregled Pi\u0161taljka Pi\u0161taljka je&#8230;<\/p>","protected":false},"author":2,"featured_media":0,"parent":1384,"menu_order":0,"comment_status":"closed","ping_status":"closed","template":"template-builder.php","meta":{"footnotes":""},"class_list":["post-5203","page","type-page","status-publish","hentry"],"aioseo_notices":[],"_links":{"self":[{"href":"https:\/\/www.megaplast-indjija.rs\/en\/wp-json\/wp\/v2\/pages\/5203","targetHints":{"allow":["GET"]}}],"collection":[{"href":"https:\/\/www.megaplast-indjija.rs\/en\/wp-json\/wp\/v2\/pages"}],"about":[{"href":"https:\/\/www.megaplast-indjija.rs\/en\/wp-json\/wp\/v2\/types\/page"}],"author":[{"embeddable":true,"href":"https:\/\/www.megaplast-indjija.rs\/en\/wp-json\/wp\/v2\/users\/2"}],"replies":[{"embeddable":true,"href":"https:\/\/www.megaplast-indjija.rs\/en\/wp-json\/wp\/v2\/comments?post=5203"}],"version-history":[{"count":0,"href":"https:\/\/www.megaplast-indjija.rs\/en\/wp-json\/wp\/v2\/pages\/5203\/revisions"}],"up":[{"embeddable":true,"href":"https:\/\/www.megaplast-indjija.rs\/en\/wp-json\/wp\/v2\/pages\/1384"}],"wp:attachment":[{"href":"https:\/\/www.megaplast-indjija.rs\/en\/wp-json\/wp\/v2\/media?parent=5203"}],"curies":[{"name":"wp","href":"https:\/\/api.w.org\/{rel}","templated":true}]}}