{"id":5741,"date":"2025-04-16T14:21:38","date_gmt":"2025-04-16T14:21:38","guid":{"rendered":"https:\/\/www.megaplast-indjija.rs\/?page_id=5741"},"modified":"2025-06-11T13:44:25","modified_gmt":"2025-06-11T13:44:25","slug":"boje-i-oblici","status":"publish","type":"page","link":"https:\/\/www.megaplast-indjija.rs\/en\/nasi-proizvodi\/edukativne-igre\/boje-i-oblici\/","title":{"rendered":"Colors and shapes"},"content":{"rendered":"<div data-elementor-type=\"wp-page\" data-elementor-id=\"5741\" class=\"elementor elementor-5741\">\n\t\t\t\t\r\n<!--======== \/ Gallery Section ========-->\t\t<section class=\"elementor-section elementor-top-section elementor-element elementor-element-b1c17ee elementor-section-full_width elementor-section-height-default elementor-section-height-default\" data-id=\"b1c17ee\" data-element_type=\"section\" data-settings=\"{&quot;background_background&quot;:&quot;classic&quot;}\">\n\t\t\t\t\t\t<div class=\"elementor-container elementor-column-gap-no\">\n\t\t\t\t\t<div class=\"elementor-column elementor-col-100 elementor-top-column elementor-element elementor-element-3e3b85c\" data-id=\"3e3b85c\" data-element_type=\"column\">\n\t\t\t<div class=\"elementor-widget-wrap elementor-element-populated\">\n\t\t\t\t\t\t<section class=\"elementor-section elementor-inner-section elementor-element elementor-element-21ef071 elementor-section-boxed elementor-section-height-default elementor-section-height-default\" data-id=\"21ef071\" data-element_type=\"section\">\n\t\t\t\t\t\t<div class=\"elementor-container elementor-column-gap-no\">\n\t\t\t\t\t<div class=\"elementor-column elementor-col-50 elementor-inner-column elementor-element elementor-element-bf544c0\" data-id=\"bf544c0\" data-element_type=\"column\">\n\t\t\t<div class=\"elementor-widget-wrap elementor-element-populated\">\n\t\t\t\t\t\t<div class=\"elementor-element elementor-element-b3be662 elementor-widget elementor-widget-kundaxgallery\" data-id=\"b3be662\" data-element_type=\"widget\" data-widget_type=\"kundaxgallery.default\">\n\t\t\t\t<div class=\"elementor-widget-container\">\n\t\t\t\t\t<div class=\"row class-big-img vs-carousel\" id=\"classBig\"><div class=\"col-12\"><img decoding=\"async\" src=\"https:\/\/www.megaplast-indjija.rs\/wp-content\/uploads\/2025\/04\/boje-i-oblici-01.jpg\" alt=\"Megaplast In\u0111ija\"><\/div><div class=\"col-12\"><img decoding=\"async\" src=\"https:\/\/www.megaplast-indjija.rs\/wp-content\/uploads\/2025\/04\/boje-i-oblici-02.jpg\" alt=\"Megaplast In\u0111ija\"><\/div><div class=\"col-12\"><img decoding=\"async\" src=\"https:\/\/www.megaplast-indjija.rs\/wp-content\/uploads\/2025\/04\/boje-i-oblici-03.jpg\" alt=\"Megaplast In\u0111ija\"><\/div><\/div><div class=\"row class-thumb-img mb-35 vs-carousel\"><div class=\"col-auto\"><img decoding=\"async\" src=\"https:\/\/www.megaplast-indjija.rs\/wp-content\/uploads\/2025\/04\/boje-i-oblici-01-142x120.jpg\" alt=\"Megaplast In\u0111ija\"><\/div><div class=\"col-auto\"><img decoding=\"async\" src=\"https:\/\/www.megaplast-indjija.rs\/wp-content\/uploads\/2025\/04\/boje-i-oblici-02-142x120.jpg\" alt=\"Megaplast In\u0111ija\"><\/div><div class=\"col-auto\"><img decoding=\"async\" src=\"https:\/\/www.megaplast-indjija.rs\/wp-content\/uploads\/2025\/04\/boje-i-oblici-03-142x120.jpg\" alt=\"Megaplast In\u0111ija\"><\/div><\/div>\t\t\t\t<\/div>\n\t\t\t\t<\/div>\n\t\t\t\t<div class=\"elementor-element elementor-element-e0511b8 elementor-widget elementor-widget-heading\" data-id=\"e0511b8\" data-element_type=\"widget\" data-widget_type=\"heading.default\">\n\t\t\t\t<div class=\"elementor-widget-container\">\n\t\t\t\t\t<h2 class=\"elementor-heading-title elementor-size-default\">Colors and shapes<\/h2>\t\t\t\t<\/div>\n\t\t\t\t<\/div>\n\t\t\t\t<div class=\"elementor-element elementor-element-10e35ed elementor-widget elementor-widget-text-editor\" data-id=\"10e35ed\" data-element_type=\"widget\" data-widget_type=\"text-editor.default\">\n\t\t\t\t<div class=\"elementor-widget-container\">\n\t\t\t\t\t\t\t\t\t<div class=\"service-content\"><p>A fun and educational board game where children place colored shapes onto corresponding spots on the picture. Through play, they learn to recognize colors and shapes while developing coordination, logic, and attention. It\u2019s the perfect way to turn learning into a creative and joyful game!<\/p><\/div>\t\t\t\t\t\t\t\t<\/div>\n\t\t\t\t<\/div>\n\t\t\t\t<div class=\"elementor-element elementor-element-1a7dd1a elementor-hidden-desktop elementor-widget elementor-widget-image\" data-id=\"1a7dd1a\" data-element_type=\"widget\" data-widget_type=\"image.default\">\n\t\t\t\t<div class=\"elementor-widget-container\">\n\t\t\t\t\t\t\t\t\t\t\t\t\t\t\t<img decoding=\"async\" width=\"193\" height=\"96\" src=\"https:\/\/www.megaplast-indjija.rs\/wp-content\/uploads\/2025\/04\/uzrast-01-4.svg\" class=\"attachment-full size-full wp-image-4380\" alt=\"\" \/>\t\t\t\t\t\t\t\t\t\t\t\t\t\t\t<\/div>\n\t\t\t\t<\/div>\n\t\t\t\t<div class=\"elementor-element elementor-element-1502f19 elementor-hidden-desktop elementor-widget elementor-widget-image\" data-id=\"1502f19\" data-element_type=\"widget\" data-widget_type=\"image.default\">\n\t\t\t\t<div class=\"elementor-widget-container\">\n\t\t\t\t\t\t\t\t\t\t\t\t\t\t\t<img decoding=\"async\" width=\"226\" height=\"100\" src=\"https:\/\/www.megaplast-indjija.rs\/wp-content\/uploads\/2025\/05\/boje-i-oblici-barcode.gif\" class=\"attachment-full size-full wp-image-7238\" alt=\"\" \/>\t\t\t\t\t\t\t\t\t\t\t\t\t\t\t<\/div>\n\t\t\t\t<\/div>\n\t\t\t\t<div class=\"elementor-element elementor-element-0d6e563 elementor-hidden-desktop elementor-widget elementor-widget-kundaxteacherinforamtions\" data-id=\"0d6e563\" data-element_type=\"widget\" data-widget_type=\"kundaxteacherinforamtions.default\">\n\t\t\t\t<div class=\"elementor-widget-container\">\n\t\t\t\t\t<!-----------------------Start Teacher Info Area-----------------------><div class=\"widget wow fadeInUp\" data-wow-delay=\"0.4s\"><div class=\"author-widget-wrap\"><div class=\"avator\"><img decoding=\"async\" src=\"https:\/\/www.megaplast-indjija.rs\/wp-content\/uploads\/2025\/04\/leptir-logo.png\" alt=\"Megaplast In\u0111ija\"><\/div><div class=\"author-info\"><h4 class=\"name text-title\"><a href=\"#\">MEGAPLAST<\/a><\/h4><\/div><p class=\"author-bio\">Guided by a tradition of quality and a desire to inspire, we build a world of imagination through diverse shapes and endless possibilities. <\/p><div class=\"multi-social\"><a  target=\"_blank\" rel=\"nofollow\" href=\"http:\/\/linkedin.com\"><\/a><\/div><\/div><\/div><!-----------------------End Teacher Info Area----------------------->\t\t\t\t<\/div>\n\t\t\t\t<\/div>\n\t\t\t\t<div class=\"elementor-element elementor-element-ed34d93 elementor-widget elementor-widget-kundaxappointmentwidget\" data-id=\"ed34d93\" data-element_type=\"widget\" data-widget_type=\"kundaxappointmentwidget.default\">\n\t\t\t\t<div class=\"elementor-widget-container\">\n\t\t\t\t\t<!-----------------------Start Appointment Area-----------------------><div class=\"vs-register-form\"><div class=\"form-title\"><h3 class=\"blog-inner-title\">Send and inquiry...<\/h3><\/div>\n<div class=\"wpcf7 no-js\" id=\"wpcf7-f1229-o1\" lang=\"en-US\" dir=\"ltr\" data-wpcf7-id=\"1229\">\n<div class=\"screen-reader-response\"><p role=\"status\" aria-live=\"polite\" aria-atomic=\"true\"><\/p> <ul><\/ul><\/div>\n<form action=\"\/en\/wp-json\/wp\/v2\/pages\/5741#wpcf7-f1229-o1\" method=\"post\" class=\"wpcf7-form init\" aria-label=\"Contact form\" novalidate=\"novalidate\" data-status=\"init\" data-trp-original-action=\"\/en\/wp-json\/wp\/v2\/pages\/5741#wpcf7-f1229-o1\">\n<fieldset class=\"hidden-fields-container\"><input type=\"hidden\" name=\"_wpcf7\" value=\"1229\" \/><input type=\"hidden\" name=\"_wpcf7_version\" value=\"6.1\" \/><input type=\"hidden\" name=\"_wpcf7_locale\" value=\"en_US\" \/><input type=\"hidden\" name=\"_wpcf7_unit_tag\" value=\"wpcf7-f1229-o1\" \/><input type=\"hidden\" name=\"_wpcf7_container_post\" value=\"0\" \/><input type=\"hidden\" name=\"_wpcf7_posted_data_hash\" value=\"\" \/><input type=\"hidden\" name=\"_wpcf7_recaptcha_response\" value=\"\" \/>\n<\/fieldset>\n<div class=\"row gx-20\">\n\t<div class=\"form-group col-sm-6\">\n\t\t<span class=\"wpcf7-form-control-wrap\" data-name=\"text-493\"><input size=\"40\" maxlength=\"400\" class=\"wpcf7-form-control wpcf7-text wpcf7-validates-as-required form-control\" id=\"text-493\" aria-required=\"true\" aria-invalid=\"false\" placeholder=\"Name and Surname\" value=\"\" type=\"text\" name=\"text-493\" \/><\/span>\n\t<\/div>\n\t<div class=\"form-group col-sm-6\">\n\t\t<span class=\"wpcf7-form-control-wrap\" data-name=\"tel-50\"><input size=\"40\" maxlength=\"400\" class=\"wpcf7-form-control wpcf7-tel wpcf7-validates-as-required wpcf7-text wpcf7-validates-as-tel form-control\" id=\"tel-50\" aria-required=\"true\" aria-invalid=\"false\" placeholder=\"Number\" value=\"\" type=\"tel\" name=\"tel-50\" \/><\/span>\n\t<\/div>\n\t<div class=\"form-group col-12\">\n\t\t<span class=\"wpcf7-form-control-wrap\" data-name=\"email-176\"><input size=\"40\" maxlength=\"400\" class=\"wpcf7-form-control wpcf7-email wpcf7-validates-as-required wpcf7-text wpcf7-validates-as-email form-control\" id=\"email-176\" aria-required=\"true\" aria-invalid=\"false\" placeholder=\"E-mail\" value=\"\" type=\"email\" name=\"email-176\" \/><\/span>\n\t<\/div>\n\t<div class=\"form-group col-sm-12\">\n\t\t<span class=\"wpcf7-form-control-wrap\" data-name=\"text-555\"><input size=\"40\" maxlength=\"400\" class=\"wpcf7-form-control wpcf7-text wpcf7-validates-as-required form-control\" id=\"text-555\" aria-required=\"true\" aria-invalid=\"false\" placeholder=\"Subject\" value=\"\" type=\"text\" name=\"text-555\" \/><\/span>\n\t<\/div>\n\t<div class=\"form-group col-12\">\n\t\t<span class=\"wpcf7-form-control-wrap\" data-name=\"textarea-686\"><textarea cols=\"40\" rows=\"10\" maxlength=\"2000\" class=\"wpcf7-form-control wpcf7-textarea form-control\" id=\"textarea-686\" aria-invalid=\"false\" placeholder=\"Your message...\" name=\"textarea-686\"><\/textarea><\/span>\n\t<\/div>\n\t<div class=\"col-12\">\n\t\t<button type=\"submit\" class=\"vs-btn wave-btn\">SEND<\/button>\n\t<\/div>\n<\/div>\n<p class=\"form-messages mb-0 mt-3\"><\/p><div class=\"wpcf7-response-output\" aria-hidden=\"true\"><\/div>\n<input type=\"hidden\" name=\"trp-form-language\" value=\"en\"\/><\/form>\n<\/div>\n<\/div>\t\t\t\t<\/div>\n\t\t\t\t<\/div>\n\t\t\t\t<div class=\"elementor-element elementor-element-801477b elementor-widget elementor-widget-html\" data-id=\"801477b\" data-element_type=\"widget\" data-widget_type=\"html.default\">\n\t\t\t\t<div class=\"elementor-widget-container\">\n\t\t\t\t\t<script>\n  document.addEventListener(\"DOMContentLoaded\", function () {\n    const galleryImgs = document.querySelectorAll(\"#classBig img\");\n\n    galleryImgs.forEach(function (img) {\n      \/\/ Ako ve\u0107 nije unutar <a>, obmotaj\n      if (!img.closest(\"a\")) {\n        const link = document.createElement(\"a\");\n        link.href = img.src;\n        link.setAttribute(\"data-lightbox\", \"kundax-gallery\");\n        img.parentNode.insertBefore(link, img);\n        link.appendChild(img);\n      }\n    });\n  });\n<\/script>\t\t\t\t<\/div>\n\t\t\t\t<\/div>\n\t\t\t\t\t<\/div>\n\t\t<\/div>\n\t\t\t\t<div class=\"elementor-column elementor-col-50 elementor-inner-column elementor-element elementor-element-17dda45 sidebar-area class-sidebar elementor-hidden-tablet elementor-hidden-mobile\" data-id=\"17dda45\" data-element_type=\"column\">\n\t\t\t<div class=\"elementor-widget-wrap elementor-element-populated\">\n\t\t\t\t\t\t<div class=\"elementor-element elementor-element-9ad0a57 elementor-view-default elementor-widget elementor-widget-icon\" data-id=\"9ad0a57\" data-element_type=\"widget\" data-widget_type=\"icon.default\">\n\t\t\t\t<div class=\"elementor-widget-container\">\n\t\t\t\t\t\t\t<div class=\"elementor-icon-wrapper\">\n\t\t\t<div class=\"elementor-icon\">\n\t\t\t<svg xmlns=\"http:\/\/www.w3.org\/2000\/svg\" xmlns:xlink=\"http:\/\/www.w3.org\/1999\/xlink\" id=\"Layer_1\" x=\"0px\" y=\"0px\" viewbox=\"0 0 193 58.6\" style=\"enable-background:new 0 0 193 58.6;\" xml:space=\"preserve\"><style type=\"text\/css\">\t.st0{fill:#D92D27;}<\/style><g>\t<g>\t\t<g>\t\t\t<path class=\"st0\" d=\"M176.9,21.7c0.8,2.3,1.2,4.8,1.2,7.3c0,6.5-2.6,12.3-6.9,16.6c-4.2,4.2-10.1,6.9-16.6,6.9    c-6.5,0-12.3-2.6-16.6-6.9s-6.9-10.1-6.9-16.6c0-6.5,2.6-12.3,6.9-16.6s10.1-6.9,16.6-6.9c3.5,0,6.9,0.8,9.9,2.2l-3,3.3    c-2.1-0.8-4.5-1.3-6.9-1.3c-5.3,0-10.1,2.2-13.6,5.6c-3.5,3.5-5.6,8.3-5.6,13.6c0,5.3,2.2,10.1,5.6,13.6    c3.5,3.5,8.3,5.6,13.6,5.6c5.3,0,10.1-2.2,13.6-5.6c3.5-3.5,5.6-8.3,5.6-13.6c0-1.4-0.1-2.8-0.4-4.1L176.9,21.7z\"><\/path>\t\t\t<path d=\"M168.2,21.4v-4.1h-3.7v-3.3h3.7V10h3.5v4.1h3.8v3.3h-3.8v4.1L168.2,21.4L168.2,21.4z\"><\/path>\t\t<\/g>\t\t<g>\t\t\t<path d=\"M151.4,32.9c0,0.8,0.1,1.5,0.4,2.1c0.5,1,1.4,1.5,2.7,1.5c0.8,0,1.5-0.3,2.1-0.8c0.6-0.6,0.9-1.3,0.9-2.4    c0-1.4-0.6-2.3-1.7-2.8c-0.6-0.3-1.6-0.4-3-0.4v-2.9c1.3,0,2.3-0.1,2.8-0.4c0.9-0.4,1.4-1.2,1.4-2.5c0-0.8-0.2-1.4-0.7-1.9    c-0.5-0.5-1.1-0.8-2-0.8c-1,0-1.7,0.3-2.1,0.9c-0.5,0.6-0.7,1.4-0.7,2.5h-3.8c0-1,0.2-2,0.5-3c0.3-0.8,0.9-1.6,1.6-2.3    c0.5-0.5,1.2-0.9,1.9-1.1c0.7-0.3,1.6-0.4,2.7-0.4c2,0,3.6,0.5,4.8,1.6c1.2,1,1.8,2.4,1.8,4.2c0,1.2-0.4,2.3-1.1,3.1    c-0.5,0.5-0.9,0.9-1.4,1.1c0.4,0,0.9,0.3,1.6,1c1,1,1.6,2.3,1.6,4c0,1.8-0.6,3.3-1.8,4.7c-1.2,1.3-3,2-5.4,2c-3,0-5-1-6.2-2.9    c-0.6-1-0.9-2.4-1-4H151.4z\"><\/path>\t\t<\/g>\t<\/g>\t<g>\t\t<path d=\"M29.1,31.9c0,5-3,7.2-7.8,7.2c-1.8,0-4.3-0.4-6-2.3c-1-1.2-1.4-2.7-1.5-4.6V19.6h4.1v12.4c0,2.7,1.5,3.8,3.4,3.8   c2.7,0,3.8-1.3,3.8-3.6V19.6h4.1V31.9z\"><\/path>\t\t<path d=\"M46.6,38.6H31.7v-3.4l9.8-12.3H32v-3.4h14.6v3.1l-10,12.5h10V38.6z\"><\/path>\t\t<path d=\"M49.3,19.6h9.6c5.1,0,6,3.7,6,5.4c0,2.1-1.1,3.9-2.9,4.5c1.6,0.7,2.4,1.3,2.4,4.8c0,2.8,0,3.5,0.8,3.8v0.5h-4.4   c-0.3-0.9-0.4-1.9-0.4-3.8c0-2.6-0.2-3.6-3.1-3.6h-4.1v7.5h-3.9V19.6z M57.8,27.9c2.1,0,3.1-0.7,3.1-2.6c0-1-0.5-2.5-2.8-2.5h-5   v5.1H57.8z\"><\/path>\t\t<path d=\"M71.1,38.6h-4.2l6.8-19h4.6l6.7,19h-4.3l-1.2-3.9h-7L71.1,38.6z M73.5,31.4h4.9L76,23.8h-0.1L73.5,31.4z\"><\/path>\t\t<path d=\"M90.4,32.7c0,1.1,0.6,3.1,4,3.1c1.9,0,4-0.5,4-2.5c0-1.5-1.4-1.9-3.4-2.4l-2-0.5c-3.1-0.7-6-1.4-6-5.6   c0-2.1,1.1-5.9,7.3-5.9c5.8,0,7.4,3.8,7.4,6.2h-3.8c-0.1-0.8-0.4-2.9-3.9-2.9c-1.5,0-3.3,0.6-3.3,2.3c0,1.5,1.2,1.8,2,2l4.6,1.1   c2.6,0.6,5,1.7,5,5.1c0,5.7-5.8,6.2-7.5,6.2c-6.9,0-8.1-4-8.1-6.4H90.4z\"><\/path>\t\t<path d=\"M113.3,38.6h-4V22.9h-5.8v-3.4h15.5v3.4h-5.8V38.6z\"><\/path>\t<\/g><\/g><text transform=\"matrix(1 0 0 1 -116.5331 39.2442)\" style=\"font-family:'Helvetica-Bold'; font-size:25.3027px;\">UZRAST<\/text><\/svg>\t\t\t<\/div>\n\t\t<\/div>\n\t\t\t\t\t\t<\/div>\n\t\t\t\t<\/div>\n\t\t\t\t<div class=\"elementor-element elementor-element-0d0f3ed elementor-hidden-tablet elementor-hidden-mobile elementor-widget elementor-widget-image\" data-id=\"0d0f3ed\" data-element_type=\"widget\" data-widget_type=\"image.default\">\n\t\t\t\t<div class=\"elementor-widget-container\">\n\t\t\t\t\t\t\t\t\t\t\t\t\t\t\t<img decoding=\"async\" width=\"226\" height=\"100\" src=\"https:\/\/www.megaplast-indjija.rs\/wp-content\/uploads\/2025\/05\/boje-i-oblici-barcode.gif\" class=\"attachment-full size-full wp-image-7238\" alt=\"\" \/>\t\t\t\t\t\t\t\t\t\t\t\t\t\t\t<\/div>\n\t\t\t\t<\/div>\n\t\t\t\t<div class=\"elementor-element elementor-element-f6021db elementor-widget elementor-widget-spacer\" data-id=\"f6021db\" data-element_type=\"widget\" data-widget_type=\"spacer.default\">\n\t\t\t\t<div class=\"elementor-widget-container\">\n\t\t\t\t\t\t\t<div class=\"elementor-spacer\">\n\t\t\t<div class=\"elementor-spacer-inner\"><\/div>\n\t\t<\/div>\n\t\t\t\t\t\t<\/div>\n\t\t\t\t<\/div>\n\t\t\t\t<div class=\"elementor-element elementor-element-f90a072 elementor-widget elementor-widget-kundaxteacherinforamtions\" data-id=\"f90a072\" data-element_type=\"widget\" data-widget_type=\"kundaxteacherinforamtions.default\">\n\t\t\t\t<div class=\"elementor-widget-container\">\n\t\t\t\t\t<!-----------------------Start Teacher Info Area-----------------------><div class=\"widget wow fadeInUp\" data-wow-delay=\"0.4s\"><div class=\"author-widget-wrap\"><div class=\"avator\"><img decoding=\"async\" src=\"https:\/\/www.megaplast-indjija.rs\/wp-content\/uploads\/2025\/04\/leptir-logo.png\" alt=\"Megaplast In\u0111ija\"><\/div><div class=\"author-info\"><h4 class=\"name text-title\"><a href=\"#\">MEGAPLAST<\/a><\/h4><\/div><p class=\"author-bio\">Guided by a tradition of quality and a desire to inspire, we build a world of imagination through diverse shapes and endless possibilities. <\/p><div class=\"multi-social\"><a  target=\"_blank\" rel=\"nofollow\" href=\"http:\/\/linkedin.com\"><\/a><\/div><\/div><\/div><!-----------------------End Teacher Info Area----------------------->\t\t\t\t<\/div>\n\t\t\t\t<\/div>\n\t\t\t\t\t<\/div>\n\t\t<\/div>\n\t\t\t\t\t<\/div>\n\t\t<\/section>\n\t\t\t\t\t<\/div>\n\t\t<\/div>\n\t\t\t\t\t<\/div>\n\t\t<\/section>\n\t\t\t\t<\/div>","protected":false},"excerpt":{"rendered":"<p>Boje i oblici Zabavna i edukativna dru\u0161tvena igra u kojoj deca sla\u017eu obojene oblike na odgovaraju\u0107a mesta na slici. Kroz igru u\u010de da prepoznaju boje, oblike i razvijaju koordinaciju, logiku i pa\u017enju. Idealan je na\u010din da se u\u010denje pretvori u kreativnu i veselu igru! MEGAPLAST Vo\u0111eni tradicijom kvaliteta i \u017eeljom da inspiri\u0161emo, gradimo svet ma\u0161te&#8230;<\/p>","protected":false},"author":2,"featured_media":0,"parent":4867,"menu_order":0,"comment_status":"closed","ping_status":"closed","template":"template-builder.php","meta":{"footnotes":""},"class_list":["post-5741","page","type-page","status-publish","hentry"],"aioseo_notices":[],"_links":{"self":[{"href":"https:\/\/www.megaplast-indjija.rs\/en\/wp-json\/wp\/v2\/pages\/5741","targetHints":{"allow":["GET"]}}],"collection":[{"href":"https:\/\/www.megaplast-indjija.rs\/en\/wp-json\/wp\/v2\/pages"}],"about":[{"href":"https:\/\/www.megaplast-indjija.rs\/en\/wp-json\/wp\/v2\/types\/page"}],"author":[{"embeddable":true,"href":"https:\/\/www.megaplast-indjija.rs\/en\/wp-json\/wp\/v2\/users\/2"}],"replies":[{"embeddable":true,"href":"https:\/\/www.megaplast-indjija.rs\/en\/wp-json\/wp\/v2\/comments?post=5741"}],"version-history":[{"count":0,"href":"https:\/\/www.megaplast-indjija.rs\/en\/wp-json\/wp\/v2\/pages\/5741\/revisions"}],"up":[{"embeddable":true,"href":"https:\/\/www.megaplast-indjija.rs\/en\/wp-json\/wp\/v2\/pages\/4867"}],"wp:attachment":[{"href":"https:\/\/www.megaplast-indjija.rs\/en\/wp-json\/wp\/v2\/media?parent=5741"}],"curies":[{"name":"wp","href":"https:\/\/api.w.org\/{rel}","templated":true}]}}