{"id":6013,"date":"2025-04-17T12:12:16","date_gmt":"2025-04-17T12:12:16","guid":{"rendered":"https:\/\/www.megaplast-indjija.rs\/?page_id=6013"},"modified":"2025-06-11T12:16:11","modified_gmt":"2025-06-11T12:16:11","slug":"mega-puzzle-jumbo-6-1","status":"publish","type":"page","link":"https:\/\/www.megaplast-indjija.rs\/en\/nasi-proizvodi\/edukativne-igre\/mega-puzzle-jumbo-6-1\/","title":{"rendered":"Mega puzzle jumbo 6\/1"},"content":{"rendered":"<div data-elementor-type=\"wp-page\" data-elementor-id=\"6013\" class=\"elementor elementor-6013\">\n\t\t\t\t\r\n<!--======== \/ Gallery Section ========-->\t\t<section class=\"elementor-section elementor-top-section elementor-element elementor-element-b1c17ee elementor-section-full_width elementor-section-height-default elementor-section-height-default\" data-id=\"b1c17ee\" data-element_type=\"section\" data-settings=\"{&quot;background_background&quot;:&quot;classic&quot;}\">\n\t\t\t\t\t\t<div class=\"elementor-container elementor-column-gap-no\">\n\t\t\t\t\t<div class=\"elementor-column elementor-col-100 elementor-top-column elementor-element elementor-element-3e3b85c\" data-id=\"3e3b85c\" data-element_type=\"column\">\n\t\t\t<div class=\"elementor-widget-wrap elementor-element-populated\">\n\t\t\t\t\t\t<section class=\"elementor-section elementor-inner-section elementor-element elementor-element-21ef071 elementor-section-boxed elementor-section-height-default elementor-section-height-default\" data-id=\"21ef071\" data-element_type=\"section\">\n\t\t\t\t\t\t<div class=\"elementor-container elementor-column-gap-no\">\n\t\t\t\t\t<div class=\"elementor-column elementor-col-50 elementor-inner-column elementor-element elementor-element-bf544c0\" data-id=\"bf544c0\" data-element_type=\"column\">\n\t\t\t<div class=\"elementor-widget-wrap elementor-element-populated\">\n\t\t\t\t\t\t<div class=\"elementor-element elementor-element-b3be662 elementor-widget elementor-widget-kundaxgallery\" data-id=\"b3be662\" data-element_type=\"widget\" data-widget_type=\"kundaxgallery.default\">\n\t\t\t\t<div class=\"elementor-widget-container\">\n\t\t\t\t\t<div class=\"row class-big-img vs-carousel\" id=\"classBig\"><div class=\"col-12\"><img decoding=\"async\" src=\"https:\/\/www.megaplast-indjija.rs\/wp-content\/uploads\/2025\/04\/mega-puzzle-jumbo-01.jpg\" alt=\"Megaplast In\u0111ija\"><\/div><div class=\"col-12\"><img decoding=\"async\" src=\"https:\/\/www.megaplast-indjija.rs\/wp-content\/uploads\/2025\/04\/mega-puzzle-jumbo-02.jpg\" alt=\"Megaplast In\u0111ija\"><\/div><div class=\"col-12\"><img decoding=\"async\" src=\"https:\/\/www.megaplast-indjija.rs\/wp-content\/uploads\/2025\/04\/mega-puzzle-jumbo-03.jpg\" alt=\"Megaplast In\u0111ija\"><\/div><div class=\"col-12\"><img decoding=\"async\" src=\"https:\/\/www.megaplast-indjija.rs\/wp-content\/uploads\/2025\/04\/mega-puzzle-jumbo-04.jpg\" alt=\"Megaplast In\u0111ija\"><\/div><div class=\"col-12\"><img decoding=\"async\" src=\"https:\/\/www.megaplast-indjija.rs\/wp-content\/uploads\/2025\/04\/mega-puzzle-jumbo-05.jpg\" alt=\"Megaplast In\u0111ija\"><\/div><\/div><div class=\"row class-thumb-img mb-35 vs-carousel\"><div class=\"col-auto\"><img decoding=\"async\" src=\"https:\/\/www.megaplast-indjija.rs\/wp-content\/uploads\/2025\/04\/mega-puzzle-jumbo-01-142x120.jpg\" alt=\"Megaplast In\u0111ija\"><\/div><div class=\"col-auto\"><img decoding=\"async\" src=\"https:\/\/www.megaplast-indjija.rs\/wp-content\/uploads\/2025\/04\/mega-puzzle-jumbo-02-142x120.jpg\" alt=\"Megaplast In\u0111ija\"><\/div><div class=\"col-auto\"><img decoding=\"async\" src=\"https:\/\/www.megaplast-indjija.rs\/wp-content\/uploads\/2025\/04\/mega-puzzle-jumbo-03-142x120.jpg\" alt=\"Megaplast In\u0111ija\"><\/div><div class=\"col-auto\"><img decoding=\"async\" src=\"https:\/\/www.megaplast-indjija.rs\/wp-content\/uploads\/2025\/04\/mega-puzzle-jumbo-04-142x120.jpg\" alt=\"Megaplast In\u0111ija\"><\/div><div class=\"col-auto\"><img decoding=\"async\" src=\"https:\/\/www.megaplast-indjija.rs\/wp-content\/uploads\/2025\/04\/mega-puzzle-jumbo-05-142x120.jpg\" alt=\"Megaplast In\u0111ija\"><\/div><\/div>\t\t\t\t<\/div>\n\t\t\t\t<\/div>\n\t\t\t\t<div class=\"elementor-element elementor-element-e0511b8 elementor-widget elementor-widget-heading\" data-id=\"e0511b8\" data-element_type=\"widget\" data-widget_type=\"heading.default\">\n\t\t\t\t<div class=\"elementor-widget-container\">\n\t\t\t\t\t<h2 class=\"elementor-heading-title elementor-size-default\">Mega puzzle jumbo 6\/1<\/h2>\t\t\t\t<\/div>\n\t\t\t\t<\/div>\n\t\t\t\t<div class=\"elementor-element elementor-element-10e35ed elementor-widget elementor-widget-text-editor\" data-id=\"10e35ed\" data-element_type=\"widget\" data-widget_type=\"text-editor.default\">\n\t\t\t\t<div class=\"elementor-widget-container\">\n\t\t\t\t\t\t\t\t\t<div class=\"service-content\"><p>Mega Puzzle su konstruktivno edukativna igra .<br \/><br \/>The set consists of 6 plastic puzzles that can be interlocked in width, length, and height.<br \/><br \/>The puzzles come in six different colors. They are compatible with other Mega Puzzles.<\/p><\/div>\t\t\t\t\t\t\t\t<\/div>\n\t\t\t\t<\/div>\n\t\t\t\t<div class=\"elementor-element elementor-element-1a7dd1a elementor-hidden-desktop elementor-widget elementor-widget-image\" data-id=\"1a7dd1a\" data-element_type=\"widget\" data-widget_type=\"image.default\">\n\t\t\t\t<div class=\"elementor-widget-container\">\n\t\t\t\t\t\t\t\t\t\t\t\t\t\t\t<img decoding=\"async\" width=\"193\" height=\"58\" src=\"https:\/\/www.megaplast-indjija.rs\/wp-content\/uploads\/2025\/05\/uzrast-12meseci.svg\" class=\"attachment-full size-full wp-image-7522\" alt=\"\" \/>\t\t\t\t\t\t\t\t\t\t\t\t\t\t\t<\/div>\n\t\t\t\t<\/div>\n\t\t\t\t<div class=\"elementor-element elementor-element-93359fe elementor-hidden-desktop elementor-widget elementor-widget-image\" data-id=\"93359fe\" data-element_type=\"widget\" data-widget_type=\"image.default\">\n\t\t\t\t<div class=\"elementor-widget-container\">\n\t\t\t\t\t\t\t\t\t\t\t\t\t\t\t<img decoding=\"async\" width=\"89\" height=\"122\" src=\"https:\/\/www.megaplast-indjija.rs\/wp-content\/uploads\/2025\/05\/mega-puzzle-jumbo-03.svg\" class=\"attachment-full size-full wp-image-8443\" alt=\"\" \/>\t\t\t\t\t\t\t\t\t\t\t\t\t\t\t<\/div>\n\t\t\t\t<\/div>\n\t\t\t\t<div class=\"elementor-element elementor-element-1502f19 elementor-hidden-desktop elementor-widget elementor-widget-image\" data-id=\"1502f19\" data-element_type=\"widget\" data-widget_type=\"image.default\">\n\t\t\t\t<div class=\"elementor-widget-container\">\n\t\t\t\t\t\t\t\t\t\t\t\t\t\t\t<img decoding=\"async\" width=\"246\" height=\"100\" src=\"https:\/\/www.megaplast-indjija.rs\/wp-content\/uploads\/2025\/04\/mega-puzzle-jumbo-barcode.gif\" class=\"attachment-full size-full wp-image-6020\" alt=\"\" \/>\t\t\t\t\t\t\t\t\t\t\t\t\t\t\t<\/div>\n\t\t\t\t<\/div>\n\t\t\t\t<div class=\"elementor-element elementor-element-0d6e563 elementor-hidden-desktop elementor-widget elementor-widget-kundaxteacherinforamtions\" data-id=\"0d6e563\" data-element_type=\"widget\" data-widget_type=\"kundaxteacherinforamtions.default\">\n\t\t\t\t<div class=\"elementor-widget-container\">\n\t\t\t\t\t<!-----------------------Start Teacher Info Area-----------------------><div class=\"widget wow fadeInUp\" data-wow-delay=\"0.4s\"><div class=\"author-widget-wrap\"><div class=\"avator\"><img decoding=\"async\" src=\"https:\/\/www.megaplast-indjija.rs\/wp-content\/uploads\/2025\/04\/leptir-logo.png\" alt=\"Megaplast In\u0111ija\"><\/div><div class=\"author-info\"><h4 class=\"name text-title\"><a href=\"#\">MEGAPLAST<\/a><\/h4><\/div><p class=\"author-bio\">Guided by a tradition of quality and a desire to inspire, we build a world of imagination through diverse shapes and endless possibilities. <\/p><div class=\"multi-social\"><a  target=\"_blank\" rel=\"nofollow\" href=\"http:\/\/linkedin.com\"><\/a><\/div><\/div><\/div><!-----------------------End Teacher Info Area----------------------->\t\t\t\t<\/div>\n\t\t\t\t<\/div>\n\t\t\t\t<div class=\"elementor-element elementor-element-ed34d93 elementor-widget elementor-widget-kundaxappointmentwidget\" data-id=\"ed34d93\" data-element_type=\"widget\" data-widget_type=\"kundaxappointmentwidget.default\">\n\t\t\t\t<div class=\"elementor-widget-container\">\n\t\t\t\t\t<!-----------------------Start Appointment Area-----------------------><div class=\"vs-register-form\"><div class=\"form-title\"><h3 class=\"blog-inner-title\">Send and inquiry...<\/h3><\/div>\n<div class=\"wpcf7 no-js\" id=\"wpcf7-f1229-o1\" lang=\"en-US\" dir=\"ltr\" data-wpcf7-id=\"1229\">\n<div class=\"screen-reader-response\"><p role=\"status\" aria-live=\"polite\" aria-atomic=\"true\"><\/p> <ul><\/ul><\/div>\n<form action=\"\/en\/wp-json\/wp\/v2\/pages\/6013#wpcf7-f1229-o1\" method=\"post\" class=\"wpcf7-form init\" aria-label=\"Contact form\" novalidate=\"novalidate\" data-status=\"init\" data-trp-original-action=\"\/en\/wp-json\/wp\/v2\/pages\/6013#wpcf7-f1229-o1\">\n<fieldset class=\"hidden-fields-container\"><input type=\"hidden\" name=\"_wpcf7\" value=\"1229\" \/><input type=\"hidden\" name=\"_wpcf7_version\" value=\"6.1\" \/><input type=\"hidden\" name=\"_wpcf7_locale\" value=\"en_US\" \/><input type=\"hidden\" name=\"_wpcf7_unit_tag\" value=\"wpcf7-f1229-o1\" \/><input type=\"hidden\" name=\"_wpcf7_container_post\" value=\"0\" \/><input type=\"hidden\" name=\"_wpcf7_posted_data_hash\" value=\"\" \/><input type=\"hidden\" name=\"_wpcf7_recaptcha_response\" value=\"\" \/>\n<\/fieldset>\n<div class=\"row gx-20\">\n\t<div class=\"form-group col-sm-6\">\n\t\t<span class=\"wpcf7-form-control-wrap\" data-name=\"text-493\"><input size=\"40\" maxlength=\"400\" class=\"wpcf7-form-control wpcf7-text wpcf7-validates-as-required form-control\" id=\"text-493\" aria-required=\"true\" aria-invalid=\"false\" placeholder=\"Name and Surname\" value=\"\" type=\"text\" name=\"text-493\" \/><\/span>\n\t<\/div>\n\t<div class=\"form-group col-sm-6\">\n\t\t<span class=\"wpcf7-form-control-wrap\" data-name=\"tel-50\"><input size=\"40\" maxlength=\"400\" class=\"wpcf7-form-control wpcf7-tel wpcf7-validates-as-required wpcf7-text wpcf7-validates-as-tel form-control\" id=\"tel-50\" aria-required=\"true\" aria-invalid=\"false\" placeholder=\"Number\" value=\"\" type=\"tel\" name=\"tel-50\" \/><\/span>\n\t<\/div>\n\t<div class=\"form-group col-12\">\n\t\t<span class=\"wpcf7-form-control-wrap\" data-name=\"email-176\"><input size=\"40\" maxlength=\"400\" class=\"wpcf7-form-control wpcf7-email wpcf7-validates-as-required wpcf7-text wpcf7-validates-as-email form-control\" id=\"email-176\" aria-required=\"true\" aria-invalid=\"false\" placeholder=\"E-mail\" value=\"\" type=\"email\" name=\"email-176\" \/><\/span>\n\t<\/div>\n\t<div class=\"form-group col-sm-12\">\n\t\t<span class=\"wpcf7-form-control-wrap\" data-name=\"text-555\"><input size=\"40\" maxlength=\"400\" class=\"wpcf7-form-control wpcf7-text wpcf7-validates-as-required form-control\" id=\"text-555\" aria-required=\"true\" aria-invalid=\"false\" placeholder=\"Subject\" value=\"\" type=\"text\" name=\"text-555\" \/><\/span>\n\t<\/div>\n\t<div class=\"form-group col-12\">\n\t\t<span class=\"wpcf7-form-control-wrap\" data-name=\"textarea-686\"><textarea cols=\"40\" rows=\"10\" maxlength=\"2000\" class=\"wpcf7-form-control wpcf7-textarea form-control\" id=\"textarea-686\" aria-invalid=\"false\" placeholder=\"Your message...\" name=\"textarea-686\"><\/textarea><\/span>\n\t<\/div>\n\t<div class=\"col-12\">\n\t\t<button type=\"submit\" class=\"vs-btn wave-btn\">SEND<\/button>\n\t<\/div>\n<\/div>\n<p class=\"form-messages mb-0 mt-3\"><\/p><div class=\"wpcf7-response-output\" aria-hidden=\"true\"><\/div>\n<input type=\"hidden\" name=\"trp-form-language\" value=\"en\"\/><\/form>\n<\/div>\n<\/div>\t\t\t\t<\/div>\n\t\t\t\t<\/div>\n\t\t\t\t<div class=\"elementor-element elementor-element-c7254f0 elementor-widget elementor-widget-html\" data-id=\"c7254f0\" data-element_type=\"widget\" data-widget_type=\"html.default\">\n\t\t\t\t<div class=\"elementor-widget-container\">\n\t\t\t\t\t<script>\n  document.addEventListener(\"DOMContentLoaded\", function () {\n    const galleryImgs = document.querySelectorAll(\"#classBig img\");\n\n    galleryImgs.forEach(function (img) {\n      \/\/ Ako ve\u0107 nije unutar <a>, obmotaj\n      if (!img.closest(\"a\")) {\n        const link = document.createElement(\"a\");\n        link.href = img.src;\n        link.setAttribute(\"data-lightbox\", \"kundax-gallery\");\n        img.parentNode.insertBefore(link, img);\n        link.appendChild(img);\n      }\n    });\n  });\n<\/script>\t\t\t\t<\/div>\n\t\t\t\t<\/div>\n\t\t\t\t\t<\/div>\n\t\t<\/div>\n\t\t\t\t<div class=\"elementor-column elementor-col-50 elementor-inner-column elementor-element elementor-element-17dda45 sidebar-area class-sidebar elementor-hidden-tablet elementor-hidden-mobile\" data-id=\"17dda45\" data-element_type=\"column\">\n\t\t\t<div class=\"elementor-widget-wrap elementor-element-populated\">\n\t\t\t\t\t\t<div class=\"elementor-element elementor-element-62b6e3b elementor-view-default elementor-widget elementor-widget-icon\" data-id=\"62b6e3b\" data-element_type=\"widget\" data-widget_type=\"icon.default\">\n\t\t\t\t<div class=\"elementor-widget-container\">\n\t\t\t\t\t\t\t<div class=\"elementor-icon-wrapper\">\n\t\t\t<div class=\"elementor-icon\">\n\t\t\t<svg xmlns=\"http:\/\/www.w3.org\/2000\/svg\" xmlns:xlink=\"http:\/\/www.w3.org\/1999\/xlink\" id=\"Layer_1\" x=\"0px\" y=\"0px\" viewbox=\"0 0 193 58.6\" style=\"enable-background:new 0 0 193 58.6;\" xml:space=\"preserve\"><style type=\"text\/css\">\t.st0{fill:#D92D27;}\t.st1{enable-background:new    ;}<\/style><g>\t<g>\t\t<g>\t\t\t<path class=\"st0\" d=\"M176.9,21.7c0.8,2.3,1.2,4.8,1.2,7.3c0,6.5-2.6,12.3-6.9,16.6c-4.2,4.2-10.1,6.9-16.6,6.9    s-12.3-2.6-16.6-6.9s-6.9-10.1-6.9-16.6s2.6-12.3,6.9-16.6s10.1-6.9,16.6-6.9c3.5,0,6.9,0.8,9.9,2.2l-3,3.3    c-2.1-0.8-4.5-1.3-6.9-1.3c-5.3,0-10.1,2.2-13.6,5.6c-3.5,3.5-5.6,8.3-5.6,13.6s2.2,10.1,5.6,13.6c3.5,3.5,8.3,5.6,13.6,5.6    s10.1-2.2,13.6-5.6c3.5-3.5,5.6-8.3,5.6-13.6c0-1.4-0.1-2.8-0.4-4.1L176.9,21.7z\"><\/path>\t\t\t<path d=\"M168.2,21.4v-4.1h-3.7V14h3.7v-4h3.5v4.1h3.8v3.3h-3.8v4.1L168.2,21.4L168.2,21.4z\"><\/path>\t\t<\/g>\t<\/g>\t<g>\t\t<path d=\"M29.1,31.9c0,5-3,7.2-7.8,7.2c-1.8,0-4.3-0.4-6-2.3c-1-1.2-1.4-2.7-1.5-4.6V19.6h4.1V32c0,2.7,1.5,3.8,3.4,3.8   c2.7,0,3.8-1.3,3.8-3.6V19.6h4.1L29.1,31.9L29.1,31.9z\"><\/path>\t\t<path d=\"M46.6,38.6H31.7v-3.4l9.8-12.3H32v-3.4h14.6v3.1l-10,12.5h10V38.6z\"><\/path>\t\t<path d=\"M49.3,19.6h9.6c5.1,0,6,3.7,6,5.4c0,2.1-1.1,3.9-2.9,4.5c1.6,0.7,2.4,1.3,2.4,4.8c0,2.8,0,3.5,0.8,3.8v0.5h-4.4   c-0.3-0.9-0.4-1.9-0.4-3.8c0-2.6-0.2-3.6-3.1-3.6h-4.1v7.5h-3.9C49.3,38.7,49.3,19.6,49.3,19.6z M57.8,27.9c2.1,0,3.1-0.7,3.1-2.6   c0-1-0.5-2.5-2.8-2.5h-5v5.1H57.8z\"><\/path>\t\t<path d=\"M71.1,38.6h-4.2l6.8-19h4.6l6.7,19h-4.3l-1.2-3.9h-7L71.1,38.6z M73.5,31.4h4.9L76,23.8h-0.1L73.5,31.4z\"><\/path>\t\t<path d=\"M90.4,32.7c0,1.1,0.6,3.1,4,3.1c1.9,0,4-0.5,4-2.5c0-1.5-1.4-1.9-3.4-2.4l-2-0.5c-3.1-0.7-6-1.4-6-5.6   c0-2.1,1.1-5.9,7.3-5.9c5.8,0,7.4,3.8,7.4,6.2h-3.8c-0.1-0.8-0.4-2.9-3.9-2.9c-1.5,0-3.3,0.6-3.3,2.3c0,1.5,1.2,1.8,2,2l4.6,1.1   c2.6,0.6,5,1.7,5,5.1c0,5.7-5.8,6.2-7.5,6.2c-6.9,0-8.1-4-8.1-6.4h3.7C90.4,32.5,90.4,32.7,90.4,32.7z\"><\/path>\t\t<path d=\"M113.3,38.6h-4V22.9h-5.8v-3.4H119v3.4h-5.8v15.7H113.3z\"><\/path>\t<\/g><\/g><text transform=\"matrix(1 0 0 1 -116.5331 39.2441)\" style=\"font-family:'Helvetica-Bold'; font-size:25.3027px;\">UZRAST<\/text><g class=\"st1\">\t<path d=\"M155.3,31c0.4-0.9,1.3-2,2.8-3c1.3-0.9,2.1-1.6,2.5-2c0.6-0.6,0.9-1.3,0.9-2c0-0.6-0.2-1.1-0.5-1.5  c-0.3-0.4-0.8-0.6-1.4-0.6c-0.9,0-1.4,0.3-1.7,1c-0.2,0.4-0.3,0.9-0.3,1.7h-2.7c0-1.2,0.3-2.2,0.7-2.9c0.7-1.4,2.1-2.1,4-2.1  c1.5,0,2.7,0.4,3.6,1.3c0.9,0.8,1.3,1.9,1.3,3.3c0,1.1-0.3,2-0.9,2.8c-0.4,0.5-1.1,1.1-2,1.8l-1.1,0.8c-0.7,0.5-1.2,0.9-1.4,1.1  c-0.3,0.2-0.5,0.5-0.7,0.8h6.2v2.5h-9.7C154.7,32.8,154.9,31.8,155.3,31z\"><\/path><\/g><g class=\"st1\">\t<path d=\"M144.4,24v-1.9c0.9,0,1.5-0.1,1.8-0.2c0.6-0.1,1-0.4,1.4-0.7c0.2-0.3,0.4-0.6,0.5-1c0.1-0.3,0.1-0.4,0.1-0.6h2.3v14.2h-2.9  V24H144.4z\"><\/path><\/g><g class=\"st1\">\t<path d=\"M144.5,36.7h0.6v0.5c0.1-0.2,0.3-0.3,0.4-0.4c0.2-0.1,0.4-0.2,0.6-0.2c0.3,0,0.5,0.1,0.7,0.2c0.1,0.1,0.2,0.2,0.3,0.3  c0.1-0.2,0.3-0.3,0.5-0.4c0.2-0.1,0.4-0.1,0.6-0.1c0.5,0,0.8,0.2,0.9,0.5c0.1,0.2,0.1,0.4,0.1,0.7v2.3h-0.6v-2.4  c0-0.2-0.1-0.4-0.2-0.5c-0.1-0.1-0.3-0.1-0.4-0.1c-0.2,0-0.4,0.1-0.6,0.2c-0.2,0.2-0.2,0.4-0.2,0.8v2h-0.6v-2.2  c0-0.2,0-0.4-0.1-0.5c-0.1-0.2-0.3-0.2-0.5-0.2s-0.4,0.1-0.6,0.3c-0.2,0.2-0.3,0.5-0.3,0.9v1.8h-0.6L144.5,36.7L144.5,36.7z\"><\/path>\t<path d=\"M152.1,36.8c0.2,0.1,0.4,0.3,0.5,0.4c0.1,0.2,0.2,0.4,0.2,0.6c0,0.2,0.1,0.4,0.1,0.8h-2.5c0,0.4,0.1,0.6,0.2,0.8  c0.2,0.2,0.4,0.3,0.7,0.3s0.5-0.1,0.7-0.3c0.1-0.1,0.2-0.3,0.2-0.4h0.6c0,0.1-0.1,0.3-0.1,0.4c-0.1,0.2-0.2,0.3-0.3,0.4  c-0.2,0.2-0.4,0.3-0.6,0.3c-0.1,0-0.3,0.1-0.5,0.1c-0.4,0-0.8-0.2-1.1-0.5s-0.4-0.7-0.4-1.3s0.1-1,0.4-1.3c0.3-0.3,0.7-0.5,1.2-0.5  C151.6,36.6,151.8,36.6,152.1,36.8z M152.3,38.1c0-0.3-0.1-0.5-0.2-0.6c-0.2-0.3-0.4-0.4-0.8-0.4c-0.3,0-0.5,0.1-0.7,0.3  s-0.3,0.4-0.3,0.7H152.3z\"><\/path>\t<path d=\"M153.9,39c0,0.2,0.1,0.3,0.1,0.4c0.1,0.2,0.4,0.3,0.8,0.3c0.2,0,0.4,0,0.6-0.1c0.2-0.1,0.2-0.2,0.2-0.4  c0-0.1-0.1-0.3-0.2-0.3c-0.1,0-0.3-0.1-0.5-0.2l-0.5-0.1c-0.3-0.1-0.5-0.2-0.7-0.2c-0.3-0.2-0.4-0.4-0.4-0.6c0-0.3,0.1-0.6,0.4-0.8  c0.2-0.2,0.6-0.3,1-0.3c0.5,0,0.9,0.2,1.1,0.5c0.1,0.2,0.2,0.4,0.2,0.6h-0.5c0-0.1-0.1-0.2-0.1-0.4c-0.1-0.2-0.4-0.2-0.7-0.2  c-0.2,0-0.4,0-0.5,0.1s-0.2,0.2-0.2,0.3s0.1,0.3,0.2,0.4c0.1,0.1,0.2,0.1,0.4,0.1l0.4,0.1c0.4,0.1,0.7,0.2,0.9,0.3s0.3,0.4,0.3,0.7  s-0.1,0.6-0.4,0.8c-0.2,0.2-0.6,0.3-1.1,0.3s-0.9-0.1-1.1-0.3c-0.2-0.2-0.3-0.5-0.3-0.9L153.9,39L153.9,39z\"><\/path>\t<path d=\"M159,36.8c0.2,0.1,0.4,0.3,0.5,0.4c0.1,0.2,0.2,0.4,0.2,0.6c0,0.2,0.1,0.4,0.1,0.8h-2.5c0,0.4,0.1,0.6,0.2,0.8  c0.2,0.2,0.4,0.3,0.7,0.3s0.5-0.1,0.7-0.3c0.1-0.1,0.2-0.3,0.2-0.4h0.6c0,0.1-0.1,0.3-0.1,0.4c-0.1,0.2-0.2,0.3-0.3,0.4  c-0.2,0.2-0.4,0.3-0.6,0.3c-0.1,0-0.3,0.1-0.5,0.1c-0.4,0-0.8-0.2-1.1-0.5s-0.4-0.7-0.4-1.3s0.1-1,0.4-1.3c0.3-0.3,0.7-0.5,1.2-0.5  C158.6,36.6,158.8,36.6,159,36.8z M159.2,38.1c0-0.3-0.1-0.5-0.2-0.6c-0.2-0.3-0.4-0.4-0.8-0.4c-0.3,0-0.5,0.1-0.7,0.3  s-0.3,0.4-0.3,0.7H159.2z\"><\/path>\t<path d=\"M162.8,36.9c0.2,0.2,0.4,0.5,0.4,1h-0.6c0-0.2-0.1-0.4-0.2-0.5c-0.1-0.1-0.3-0.2-0.6-0.2c-0.4,0-0.6,0.2-0.8,0.5  c-0.1,0.2-0.2,0.5-0.2,0.9c0,0.3,0.1,0.6,0.2,0.9c0.1,0.2,0.4,0.4,0.7,0.4c0.2,0,0.4-0.1,0.6-0.2c0.1-0.1,0.2-0.3,0.3-0.6h0.6  c-0.1,0.5-0.2,0.8-0.5,1s-0.6,0.3-1,0.3c-0.5,0-0.8-0.2-1.1-0.5s-0.4-0.7-0.4-1.2c0-0.6,0.1-1.1,0.4-1.4c0.3-0.3,0.7-0.5,1.1-0.5  C162.3,36.6,162.6,36.7,162.8,36.9z\"><\/path>\t<path d=\"M163.9,35.4h0.6V36h-0.6V35.4z M163.9,36.7h0.6v3.4h-0.6V36.7z\"><\/path><\/g><\/svg>\t\t\t<\/div>\n\t\t<\/div>\n\t\t\t\t\t\t<\/div>\n\t\t\t\t<\/div>\n\t\t\t\t<div class=\"elementor-element elementor-element-33fbfe6 elementor-view-default elementor-widget elementor-widget-icon\" data-id=\"33fbfe6\" data-element_type=\"widget\" data-widget_type=\"icon.default\">\n\t\t\t\t<div class=\"elementor-widget-container\">\n\t\t\t\t\t\t\t<div class=\"elementor-icon-wrapper\">\n\t\t\t<div class=\"elementor-icon\">\n\t\t\t<svg xmlns=\"http:\/\/www.w3.org\/2000\/svg\" xmlns:xlink=\"http:\/\/www.w3.org\/1999\/xlink\" id=\"Layer_1\" x=\"0px\" y=\"0px\" viewbox=\"0 0 89.1 122.4\" xml:space=\"preserve\"><g>\t<path fill-rule=\"evenodd\" clip-rule=\"evenodd\" fill=\"#004324\" d=\"M6.3,0.2h76.6c3.3,0,6,2.7,6,6v109.8c0,3.3-2.7,6-6,6H6.3  c-3.3,0-6-2.7-6-6V6.3C0.2,3,3,0.2,6.3,0.2z\"><\/path>\t<path fill=\"none\" stroke=\"#231F20\" stroke-width=\"0.5\" stroke-miterlimit=\"22.9256\" d=\"M6.3,0.2h76.6c3.3,0,6,2.7,6,6v109.8  c0,3.3-2.7,6-6,6H6.3c-3.3,0-6-2.7-6-6V6.3C0.2,3,3,0.2,6.3,0.2z\"><\/path>\t<path fill-rule=\"evenodd\" clip-rule=\"evenodd\" fill=\"#FFFFFF\" d=\"M43.7,74.1V63.4H33v10.8H43.7z M43.7,51.9h11.3V52h13.7v11.3H55.1  v10.8h13.7v11.3H55.1v10.9H43.7V85.5H32.4v10.9H21.1v-22H10.7V63.1h10.3V51.9h11.3V40.2h11.3V51.9z\"><\/path>\t<path fill=\"none\" stroke=\"#231F20\" stroke-width=\"0.5\" stroke-miterlimit=\"22.9256\" d=\"M43.7,74.1V63.4H33v10.8H43.7z M43.7,51.9  h11.3V52h13.7v11.3H55.1v10.8h13.7v11.3H55.1v10.9H43.7V85.5H32.4v10.9H21.1v-22H10.7V63.1h10.3V51.9h11.3V40.2h11.3V51.9z\"><\/path>\t<line fill=\"none\" stroke=\"#FFFFFF\" stroke-width=\"0.9998\" stroke-miterlimit=\"22.9256\" x1=\"32.4\" y1=\"19.8\" x2=\"32.4\" y2=\"35.6\"><\/line>\t<line fill=\"none\" stroke=\"#FFFFFF\" stroke-width=\"0.9998\" stroke-miterlimit=\"22.9256\" x1=\"10.7\" y1=\"78.2\" x2=\"10.7\" y2=\"116.4\"><\/line>\t<line fill=\"none\" stroke=\"#FFFFFF\" stroke-width=\"0.9998\" stroke-miterlimit=\"22.9256\" x1=\"68.8\" y1=\"90.1\" x2=\"68.8\" y2=\"118.5\"><\/line>\t<line fill=\"none\" stroke=\"#FFFFFF\" stroke-width=\"0.9998\" stroke-miterlimit=\"22.9256\" x1=\"44.3\" y1=\"19.8\" x2=\"44.3\" y2=\"35.6\"><\/line>\t<path fill=\"#FFFFFF\" d=\"M32.4,29.8l-6.2,3.1v-6.2L32.4,29.8z M26.6,30.3h-4.5v-1h4.5V30.3z\"><\/path>\t<path fill=\"#FFFFFF\" d=\"M45.1,30l6.2-3.1V33L45.1,30z M50.9,29.5h28.3v1H50.9V29.5z\"><\/path>\t<path fill=\"#FFFFFF\" d=\"M10.7,114.5l6.2-3.1v6.2L10.7,114.5z M16.6,114h47.9v1H16.6V114z M64,117.1v-5.3l4.8,2.6L64,117.1z\"><\/path>\t<text transform=\"matrix(1 0 0 1 22.2447 112.7732)\" fill=\"#FFFFFF\" font-family=\"'Arial-BoldMT'\" font-size=\"9px\">225 mm<\/text>\t<text transform=\"matrix(1 0 0 1 54.5055 29.0115)\" fill=\"#FFFFFF\" font-family=\"'Arial-BoldMT'\" font-size=\"9px\">45 mm<\/text>\t<text transform=\"matrix(1 0 0 1 22.8277 9.7717)\" fill=\"#FFFFFF\" font-family=\"'Arial-BoldMT'\" font-size=\"9px\">dimenzija<\/text>\t<line fill=\"none\" stroke=\"#FFFFFF\" stroke-width=\"0.9998\" stroke-miterlimit=\"22.9256\" x1=\"14.2\" y1=\"13.1\" x2=\"73.9\" y2=\"13.1\"><\/line><\/g><\/svg>\t\t\t<\/div>\n\t\t<\/div>\n\t\t\t\t\t\t<\/div>\n\t\t\t\t<\/div>\n\t\t\t\t<div class=\"elementor-element elementor-element-0d0f3ed elementor-widget elementor-widget-image\" data-id=\"0d0f3ed\" data-element_type=\"widget\" data-widget_type=\"image.default\">\n\t\t\t\t<div class=\"elementor-widget-container\">\n\t\t\t\t\t\t\t\t\t\t\t\t\t\t\t<img decoding=\"async\" width=\"246\" height=\"100\" src=\"https:\/\/www.megaplast-indjija.rs\/wp-content\/uploads\/2025\/04\/mega-puzzle-jumbo-barcode.gif\" class=\"attachment-full size-full wp-image-6020\" alt=\"\" \/>\t\t\t\t\t\t\t\t\t\t\t\t\t\t\t<\/div>\n\t\t\t\t<\/div>\n\t\t\t\t<div class=\"elementor-element elementor-element-f6021db elementor-widget elementor-widget-spacer\" data-id=\"f6021db\" data-element_type=\"widget\" data-widget_type=\"spacer.default\">\n\t\t\t\t<div class=\"elementor-widget-container\">\n\t\t\t\t\t\t\t<div class=\"elementor-spacer\">\n\t\t\t<div class=\"elementor-spacer-inner\"><\/div>\n\t\t<\/div>\n\t\t\t\t\t\t<\/div>\n\t\t\t\t<\/div>\n\t\t\t\t<div class=\"elementor-element elementor-element-f90a072 elementor-widget elementor-widget-kundaxteacherinforamtions\" data-id=\"f90a072\" data-element_type=\"widget\" data-widget_type=\"kundaxteacherinforamtions.default\">\n\t\t\t\t<div class=\"elementor-widget-container\">\n\t\t\t\t\t<!-----------------------Start Teacher Info Area-----------------------><div class=\"widget wow fadeInUp\" data-wow-delay=\"0.4s\"><div class=\"author-widget-wrap\"><div class=\"avator\"><img decoding=\"async\" src=\"https:\/\/www.megaplast-indjija.rs\/wp-content\/uploads\/2025\/04\/leptir-logo.png\" alt=\"Megaplast In\u0111ija\"><\/div><div class=\"author-info\"><h4 class=\"name text-title\"><a href=\"#\">MEGAPLAST<\/a><\/h4><\/div><p class=\"author-bio\">Guided by a tradition of quality and a desire to inspire, we build a world of imagination through diverse shapes and endless possibilities. <\/p><div class=\"multi-social\"><a  target=\"_blank\" rel=\"nofollow\" href=\"http:\/\/linkedin.com\"><\/a><\/div><\/div><\/div><!-----------------------End Teacher Info Area----------------------->\t\t\t\t<\/div>\n\t\t\t\t<\/div>\n\t\t\t\t\t<\/div>\n\t\t<\/div>\n\t\t\t\t\t<\/div>\n\t\t<\/section>\n\t\t\t\t\t<\/div>\n\t\t<\/div>\n\t\t\t\t\t<\/div>\n\t\t<\/section>\n\t\t\t\t<\/div>","protected":false},"excerpt":{"rendered":"<p>Mega puzzle jumbo 6\/1 Mega Puzzle su konstruktivno edukativna igra . Komplet se sastoji od 6 plasti\u010dnih puzzli koje su me\u0111usobno slo\u017eive po \u0161irini, du\u017eini i visini. Puzzle dolaze u \u0161est razli\u010ditih boja. Kompatibilne su sa ostalim Mega puzzlama. MEGAPLAST Vo\u0111eni tradicijom kvaliteta i \u017eeljom da inspiri\u0161emo, gradimo svet ma\u0161te pomo\u0107u raznih oblika i beskrajnih&#8230;<\/p>","protected":false},"author":2,"featured_media":0,"parent":4867,"menu_order":0,"comment_status":"closed","ping_status":"closed","template":"template-builder.php","meta":{"footnotes":""},"class_list":["post-6013","page","type-page","status-publish","hentry"],"aioseo_notices":[],"_links":{"self":[{"href":"https:\/\/www.megaplast-indjija.rs\/en\/wp-json\/wp\/v2\/pages\/6013","targetHints":{"allow":["GET"]}}],"collection":[{"href":"https:\/\/www.megaplast-indjija.rs\/en\/wp-json\/wp\/v2\/pages"}],"about":[{"href":"https:\/\/www.megaplast-indjija.rs\/en\/wp-json\/wp\/v2\/types\/page"}],"author":[{"embeddable":true,"href":"https:\/\/www.megaplast-indjija.rs\/en\/wp-json\/wp\/v2\/users\/2"}],"replies":[{"embeddable":true,"href":"https:\/\/www.megaplast-indjija.rs\/en\/wp-json\/wp\/v2\/comments?post=6013"}],"version-history":[{"count":0,"href":"https:\/\/www.megaplast-indjija.rs\/en\/wp-json\/wp\/v2\/pages\/6013\/revisions"}],"up":[{"embeddable":true,"href":"https:\/\/www.megaplast-indjija.rs\/en\/wp-json\/wp\/v2\/pages\/4867"}],"wp:attachment":[{"href":"https:\/\/www.megaplast-indjija.rs\/en\/wp-json\/wp\/v2\/media?parent=6013"}],"curies":[{"name":"wp","href":"https:\/\/api.w.org\/{rel}","templated":true}]}}