{"id":9665,"date":"2025-07-31T10:16:29","date_gmt":"2025-07-31T10:16:29","guid":{"rendered":"https:\/\/www.megaplast-indjija.rs\/?page_id=9665"},"modified":"2025-08-18T10:26:57","modified_gmt":"2025-08-18T10:26:57","slug":"mega-puzzle-zivotinje","status":"publish","type":"page","link":"https:\/\/www.megaplast-indjija.rs\/en\/nasi-proizvodi\/edukativne-igre\/mega-puzzle-zivotinje\/","title":{"rendered":"Mega puzzle animals"},"content":{"rendered":"<div data-elementor-type=\"wp-page\" data-elementor-id=\"9665\" class=\"elementor elementor-9665\">\n\t\t\t\t\r\n<!--======== \/ Gallery Section ========-->\t\t<section class=\"elementor-section elementor-top-section elementor-element elementor-element-b1c17ee elementor-section-full_width elementor-section-height-default elementor-section-height-default\" data-id=\"b1c17ee\" data-element_type=\"section\" data-settings=\"{&quot;background_background&quot;:&quot;classic&quot;}\">\n\t\t\t\t\t\t<div class=\"elementor-container elementor-column-gap-no\">\n\t\t\t\t\t<div class=\"elementor-column elementor-col-100 elementor-top-column elementor-element elementor-element-3e3b85c\" data-id=\"3e3b85c\" data-element_type=\"column\">\n\t\t\t<div class=\"elementor-widget-wrap elementor-element-populated\">\n\t\t\t\t\t\t<section class=\"elementor-section elementor-inner-section elementor-element elementor-element-21ef071 elementor-section-boxed elementor-section-height-default elementor-section-height-default\" data-id=\"21ef071\" data-element_type=\"section\">\n\t\t\t\t\t\t<div class=\"elementor-container elementor-column-gap-no\">\n\t\t\t\t\t<div class=\"elementor-column elementor-col-50 elementor-inner-column elementor-element elementor-element-bf544c0\" data-id=\"bf544c0\" data-element_type=\"column\">\n\t\t\t<div class=\"elementor-widget-wrap elementor-element-populated\">\n\t\t\t\t\t\t<div class=\"elementor-element elementor-element-b9451c2 elementor-widget elementor-widget-kundaxgallery\" data-id=\"b9451c2\" data-element_type=\"widget\" data-widget_type=\"kundaxgallery.default\">\n\t\t\t\t<div class=\"elementor-widget-container\">\n\t\t\t\t\t<div class=\"row class-big-img vs-carousel\" id=\"classBig\"><div class=\"col-12\"><img decoding=\"async\" src=\"https:\/\/www.megaplast-indjija.rs\/wp-content\/uploads\/2025\/08\/mega-puzzle-zivotinje-01-1.jpg\" alt=\"Megaplast In\u0111ija\"><\/div><div class=\"col-12\"><img decoding=\"async\" src=\"https:\/\/www.megaplast-indjija.rs\/wp-content\/uploads\/2025\/08\/mega-puzzle-zivotinje-02.jpg\" alt=\"Megaplast In\u0111ija\"><\/div><div class=\"col-12\"><img decoding=\"async\" src=\"https:\/\/www.megaplast-indjija.rs\/wp-content\/uploads\/2025\/08\/mega-puzzle-zivotinje-04.jpg\" alt=\"Megaplast In\u0111ija\"><\/div><div class=\"col-12\"><img decoding=\"async\" src=\"https:\/\/www.megaplast-indjija.rs\/wp-content\/uploads\/2025\/08\/mega-puzzle-zivotinje-05.jpg\" alt=\"Megaplast In\u0111ija\"><\/div><div class=\"col-12\"><img decoding=\"async\" src=\"https:\/\/www.megaplast-indjija.rs\/wp-content\/uploads\/2025\/08\/mega-puzzle-zivotinje-06.jpg\" alt=\"Megaplast In\u0111ija\"><\/div><div class=\"col-12\"><img decoding=\"async\" src=\"https:\/\/www.megaplast-indjija.rs\/wp-content\/uploads\/2025\/08\/mega-puzzle-zivotinje-07.jpg\" alt=\"Megaplast In\u0111ija\"><\/div><div class=\"col-12\"><img decoding=\"async\" src=\"https:\/\/www.megaplast-indjija.rs\/wp-content\/uploads\/2025\/08\/mega-puzzle-zivotinje-08.jpg\" alt=\"Megaplast In\u0111ija\"><\/div><div class=\"col-12\"><img decoding=\"async\" src=\"https:\/\/www.megaplast-indjija.rs\/wp-content\/uploads\/2025\/08\/mega-puzzle-zivotinje-09.jpg\" alt=\"Megaplast In\u0111ija\"><\/div><\/div><div class=\"row class-thumb-img mb-35 vs-carousel\"><div class=\"col-auto\"><img decoding=\"async\" src=\"https:\/\/www.megaplast-indjija.rs\/wp-content\/uploads\/2025\/08\/mega-puzzle-zivotinje-01-1-142x120.jpg\" alt=\"Megaplast In\u0111ija\"><\/div><div class=\"col-auto\"><img decoding=\"async\" src=\"https:\/\/www.megaplast-indjija.rs\/wp-content\/uploads\/2025\/08\/mega-puzzle-zivotinje-02-142x120.jpg\" alt=\"Megaplast In\u0111ija\"><\/div><div class=\"col-auto\"><img decoding=\"async\" src=\"https:\/\/www.megaplast-indjija.rs\/wp-content\/uploads\/2025\/08\/mega-puzzle-zivotinje-04-142x120.jpg\" alt=\"Megaplast In\u0111ija\"><\/div><div class=\"col-auto\"><img decoding=\"async\" src=\"https:\/\/www.megaplast-indjija.rs\/wp-content\/uploads\/2025\/08\/mega-puzzle-zivotinje-05-142x120.jpg\" alt=\"Megaplast In\u0111ija\"><\/div><div class=\"col-auto\"><img decoding=\"async\" src=\"https:\/\/www.megaplast-indjija.rs\/wp-content\/uploads\/2025\/08\/mega-puzzle-zivotinje-06-142x120.jpg\" alt=\"Megaplast In\u0111ija\"><\/div><div class=\"col-auto\"><img decoding=\"async\" src=\"https:\/\/www.megaplast-indjija.rs\/wp-content\/uploads\/2025\/08\/mega-puzzle-zivotinje-07-142x120.jpg\" alt=\"Megaplast In\u0111ija\"><\/div><div class=\"col-auto\"><img decoding=\"async\" src=\"https:\/\/www.megaplast-indjija.rs\/wp-content\/uploads\/2025\/08\/mega-puzzle-zivotinje-08-142x120.jpg\" alt=\"Megaplast In\u0111ija\"><\/div><div class=\"col-auto\"><img decoding=\"async\" src=\"https:\/\/www.megaplast-indjija.rs\/wp-content\/uploads\/2025\/08\/mega-puzzle-zivotinje-09-142x120.jpg\" alt=\"Megaplast In\u0111ija\"><\/div><\/div>\t\t\t\t<\/div>\n\t\t\t\t<\/div>\n\t\t\t\t<div class=\"elementor-element elementor-element-d5cfe18 elementor-widget elementor-widget-heading\" data-id=\"d5cfe18\" data-element_type=\"widget\" data-widget_type=\"heading.default\">\n\t\t\t\t<div class=\"elementor-widget-container\">\n\t\t\t\t\t<h2 class=\"elementor-heading-title elementor-size-default\">Mega puzzle animals<\/h2>\t\t\t\t<\/div>\n\t\t\t\t<\/div>\n\t\t\t\t<div class=\"elementor-element elementor-element-9f42db9 elementor-widget elementor-widget-text-editor\" data-id=\"9f42db9\" data-element_type=\"widget\" data-widget_type=\"text-editor.default\">\n\t\t\t\t<div class=\"elementor-widget-container\">\n\t\t\t\t\t\t\t\t\t<div class=\"service-content\"><p>Mega Puzzle \u2013 Animals is an educational toy designed for children who want to develop their motor and logical skills through play.\nIt contains various plastic elements adapted to children's hands, which easily fit together, allowing little ones to build their own animals.\nThe animals edition includes 6 different models, all packed in a cardboard display.<\/p><\/div>\t\t\t\t\t\t\t\t<\/div>\n\t\t\t\t<\/div>\n\t\t\t\t<div class=\"elementor-element elementor-element-dd71bb5 elementor-hidden-desktop elementor-widget elementor-widget-image\" data-id=\"dd71bb5\" data-element_type=\"widget\" data-no-translation=\"\" data-widget_type=\"image.default\">\n\t\t\t\t<div class=\"elementor-widget-container\">\n\t\t\t\t\t\t\t\t\t\t\t\t\t\t\t<img fetchpriority=\"high\" decoding=\"async\" width=\"512\" height=\"732\" src=\"https:\/\/www.megaplast-indjija.rs\/wp-content\/uploads\/2025\/07\/age-limit-3-icon-eng.svg\" class=\"attachment-full size-full wp-image-9529\" alt=\"\" \/>\t\t\t\t\t\t\t\t\t\t\t\t\t\t\t<\/div>\n\t\t\t\t<\/div>\n\t\t\t\t<div class=\"elementor-element elementor-element-0afda19 elementor-hidden-desktop elementor-widget elementor-widget-image\" data-id=\"0afda19\" data-element_type=\"widget\" data-no-translation=\"\" data-widget_type=\"image.default\">\n\t\t\t\t<div class=\"elementor-widget-container\">\n\t\t\t\t\t<style>.elementor-element-0afda19{display:none !important}<\/style>\t\t\t\t<\/div>\n\t\t\t\t<\/div>\n\t\t\t\t<div class=\"elementor-element elementor-element-1502f19 elementor-hidden-desktop elementor-widget elementor-widget-image\" data-id=\"1502f19\" data-element_type=\"widget\" data-widget_type=\"image.default\">\n\t\t\t\t<div class=\"elementor-widget-container\">\n\t\t\t\t\t\t\t\t\t\t\t\t\t\t\t<img decoding=\"async\" width=\"600\" height=\"439\" src=\"https:\/\/www.megaplast-indjija.rs\/wp-content\/uploads\/2025\/07\/Mega-puzzle-zivotinje-bar-kod-2.png\" class=\"attachment-full size-full wp-image-9851\" alt=\"\" srcset=\"https:\/\/www.megaplast-indjija.rs\/wp-content\/uploads\/2025\/07\/Mega-puzzle-zivotinje-bar-kod-2.png 600w, https:\/\/www.megaplast-indjija.rs\/wp-content\/uploads\/2025\/07\/Mega-puzzle-zivotinje-bar-kod-2-300x220.png 300w, https:\/\/www.megaplast-indjija.rs\/wp-content\/uploads\/2025\/07\/Mega-puzzle-zivotinje-bar-kod-2-16x12.png 16w\" sizes=\"(max-width: 600px) 100vw, 600px\" \/>\t\t\t\t\t\t\t\t\t\t\t\t\t\t\t<\/div>\n\t\t\t\t<\/div>\n\t\t\t\t<div class=\"elementor-element elementor-element-0d6e563 elementor-hidden-desktop elementor-widget elementor-widget-kundaxteacherinforamtions\" data-id=\"0d6e563\" data-element_type=\"widget\" data-widget_type=\"kundaxteacherinforamtions.default\">\n\t\t\t\t<div class=\"elementor-widget-container\">\n\t\t\t\t\t<!-----------------------Start Teacher Info Area-----------------------><div class=\"widget wow fadeInUp\" data-wow-delay=\"0.4s\"><div class=\"author-widget-wrap\"><div class=\"avator\"><img decoding=\"async\" src=\"https:\/\/www.megaplast-indjija.rs\/wp-content\/uploads\/2025\/04\/leptir-logo.png\" alt=\"Megaplast In\u0111ija\"><\/div><div class=\"author-info\"><h4 class=\"name text-title\"><a href=\"#\">MEGAPLAST<\/a><\/h4><\/div><p class=\"author-bio\">Guided by a tradition of quality and a desire to inspire, we build a world of imagination through diverse shapes and endless possibilities. <\/p><div class=\"multi-social\"><a  target=\"_blank\" rel=\"nofollow\" href=\"http:\/\/linkedin.com\"><\/a><\/div><\/div><\/div><!-----------------------End Teacher Info Area----------------------->\t\t\t\t<\/div>\n\t\t\t\t<\/div>\n\t\t\t\t<div class=\"elementor-element elementor-element-ed34d93 elementor-widget elementor-widget-kundaxappointmentwidget\" data-id=\"ed34d93\" data-element_type=\"widget\" data-widget_type=\"kundaxappointmentwidget.default\">\n\t\t\t\t<div class=\"elementor-widget-container\">\n\t\t\t\t\t<!-----------------------Start Appointment Area-----------------------><div class=\"vs-register-form\"><div class=\"form-title\"><h3 class=\"blog-inner-title\">Send and inquiry...<\/h3><\/div>\n<div class=\"wpcf7 no-js\" id=\"wpcf7-f1229-o1\" lang=\"en-US\" dir=\"ltr\" data-wpcf7-id=\"1229\">\n<div class=\"screen-reader-response\"><p role=\"status\" aria-live=\"polite\" aria-atomic=\"true\"><\/p> <ul><\/ul><\/div>\n<form action=\"\/en\/wp-json\/wp\/v2\/pages\/9665#wpcf7-f1229-o1\" method=\"post\" class=\"wpcf7-form init\" aria-label=\"Contact form\" novalidate=\"novalidate\" data-status=\"init\" data-trp-original-action=\"\/en\/wp-json\/wp\/v2\/pages\/9665#wpcf7-f1229-o1\">\n<fieldset class=\"hidden-fields-container\"><input type=\"hidden\" name=\"_wpcf7\" value=\"1229\" \/><input type=\"hidden\" name=\"_wpcf7_version\" value=\"6.1\" \/><input type=\"hidden\" name=\"_wpcf7_locale\" value=\"en_US\" \/><input type=\"hidden\" name=\"_wpcf7_unit_tag\" value=\"wpcf7-f1229-o1\" \/><input type=\"hidden\" name=\"_wpcf7_container_post\" value=\"0\" \/><input type=\"hidden\" name=\"_wpcf7_posted_data_hash\" value=\"\" \/><input type=\"hidden\" name=\"_wpcf7_recaptcha_response\" value=\"\" \/>\n<\/fieldset>\n<div class=\"row gx-20\">\n\t<div class=\"form-group col-sm-6\">\n\t\t<span class=\"wpcf7-form-control-wrap\" data-name=\"text-493\"><input size=\"40\" maxlength=\"400\" class=\"wpcf7-form-control wpcf7-text wpcf7-validates-as-required form-control\" id=\"text-493\" aria-required=\"true\" aria-invalid=\"false\" placeholder=\"Name and Surname\" value=\"\" type=\"text\" name=\"text-493\" \/><\/span>\n\t<\/div>\n\t<div class=\"form-group col-sm-6\">\n\t\t<span class=\"wpcf7-form-control-wrap\" data-name=\"tel-50\"><input size=\"40\" maxlength=\"400\" class=\"wpcf7-form-control wpcf7-tel wpcf7-validates-as-required wpcf7-text wpcf7-validates-as-tel form-control\" id=\"tel-50\" aria-required=\"true\" aria-invalid=\"false\" placeholder=\"Number\" value=\"\" type=\"tel\" name=\"tel-50\" \/><\/span>\n\t<\/div>\n\t<div class=\"form-group col-12\">\n\t\t<span class=\"wpcf7-form-control-wrap\" data-name=\"email-176\"><input size=\"40\" maxlength=\"400\" class=\"wpcf7-form-control wpcf7-email wpcf7-validates-as-required wpcf7-text wpcf7-validates-as-email form-control\" id=\"email-176\" aria-required=\"true\" aria-invalid=\"false\" placeholder=\"E-mail\" value=\"\" type=\"email\" name=\"email-176\" \/><\/span>\n\t<\/div>\n\t<div class=\"form-group col-sm-12\">\n\t\t<span class=\"wpcf7-form-control-wrap\" data-name=\"text-555\"><input size=\"40\" maxlength=\"400\" class=\"wpcf7-form-control wpcf7-text wpcf7-validates-as-required form-control\" id=\"text-555\" aria-required=\"true\" aria-invalid=\"false\" placeholder=\"Subject\" value=\"\" type=\"text\" name=\"text-555\" \/><\/span>\n\t<\/div>\n\t<div class=\"form-group col-12\">\n\t\t<span class=\"wpcf7-form-control-wrap\" data-name=\"textarea-686\"><textarea cols=\"40\" rows=\"10\" maxlength=\"2000\" class=\"wpcf7-form-control wpcf7-textarea form-control\" id=\"textarea-686\" aria-invalid=\"false\" placeholder=\"Your message...\" name=\"textarea-686\"><\/textarea><\/span>\n\t<\/div>\n\t<div class=\"col-12\">\n\t\t<button type=\"submit\" class=\"vs-btn wave-btn\">SEND<\/button>\n\t<\/div>\n<\/div>\n<p class=\"form-messages mb-0 mt-3\"><\/p><div class=\"wpcf7-response-output\" aria-hidden=\"true\"><\/div>\n<input type=\"hidden\" name=\"trp-form-language\" value=\"en\"\/><\/form>\n<\/div>\n<\/div>\t\t\t\t<\/div>\n\t\t\t\t<\/div>\n\t\t\t\t<div class=\"elementor-element elementor-element-599e801 elementor-widget elementor-widget-html\" data-id=\"599e801\" data-element_type=\"widget\" data-widget_type=\"html.default\">\n\t\t\t\t<div class=\"elementor-widget-container\">\n\t\t\t\t\t<script>\n  document.addEventListener(\"DOMContentLoaded\", function () {\n    const galleryImgs = document.querySelectorAll(\"#classBig img\");\n\n    galleryImgs.forEach(function (img) {\n      \/\/ Ako ve\u0107 nije unutar <a>, obmotaj\n      if (!img.closest(\"a\")) {\n        const link = document.createElement(\"a\");\n        link.href = img.src;\n        link.setAttribute(\"data-lightbox\", \"kundax-gallery\");\n        img.parentNode.insertBefore(link, img);\n        link.appendChild(img);\n      }\n    });\n  });\n<\/script>\t\t\t\t<\/div>\n\t\t\t\t<\/div>\n\t\t\t\t\t<\/div>\n\t\t<\/div>\n\t\t\t\t<div class=\"elementor-column elementor-col-50 elementor-inner-column elementor-element elementor-element-17dda45 sidebar-area class-sidebar elementor-hidden-tablet elementor-hidden-mobile\" data-id=\"17dda45\" data-element_type=\"column\">\n\t\t\t<div class=\"elementor-widget-wrap elementor-element-populated\">\n\t\t\t\t\t\t<div class=\"elementor-element elementor-element-bb1129b elementor-view-default elementor-widget elementor-widget-icon\" data-id=\"bb1129b\" data-element_type=\"widget\" data-no-translation=\"\" data-widget_type=\"icon.default\">\n\t\t\t\t<div class=\"elementor-widget-container\">\n\t\t\t\t\t\t\t<div class=\"elementor-icon-wrapper\">\n\t\t\t<div class=\"elementor-icon\">\n\t\t\t<svg xmlns=\"http:\/\/www.w3.org\/2000\/svg\" xmlns:xlink=\"http:\/\/www.w3.org\/1999\/xlink\" id=\"Layer_1\" text-rendering=\"geometricPrecision\" shape-rendering=\"geometricPrecision\" image-rendering=\"optimizeQuality\" x=\"0px\" y=\"0px\" viewbox=\"0 0 512 732.2\" style=\"enable-background:new 0 0 512 732.2;\" xml:space=\"preserve\"><style type=\"text\/css\">\t.st0{fill:#D92D27;}\t.st1{font-family:'Helvetica-Bold';}\t.st2{font-size:194.7398px;}<\/style><g>\t<path class=\"st0\" d=\"M499.2,396c8.3,25.3,12.8,52.2,12.8,80.2c0,70.7-28.7,134.7-75,181s-110.3,75-181,75s-134.7-28.7-181-75  S0,546.9,0,476.2s28.7-134.7,75-181s110.3-75,181-75c38.6,0,75.2,8.5,108,23.8l-33,35.9c-23.3-8.9-48.6-13.8-75-13.8  c-58,0-110.5,23.5-148.5,61.5S46,418.1,46,476.1s23.5,110.5,61.5,148.5S198,686.1,256,686.1s110.5-23.5,148.5-61.5  S466,534.1,466,476.1c0-15.3-1.6-30.1-4.7-44.5L499.2,396z\"><\/path>\t<path d=\"M404.4,392.6v-44.2h-40.6v-35.9h40.6v-44.2h37.8v44.2h40.9v35.9h-40.9v44.2H404.4L404.4,392.6z\"><\/path><\/g><g>\t<path d=\"M221.2,518c0,9.1,1.5,16.7,4.4,22.7c5.4,11,15.3,16.5,29.7,16.5c8.8,0,16.5-3,23-9.1c6.5-6,9.8-14.7,9.8-26.1  c0-15-6.1-25-18.2-30.1c-6.9-2.8-17.8-4.3-32.6-4.3v-32.1c14.5-0.2,24.7-1.6,30.4-4.3c9.9-4.4,14.9-13.3,14.9-26.8  c0-8.7-2.5-15.8-7.6-21.3s-12.2-8.2-21.4-8.2c-10.6,0-18.3,3.4-23.3,10.1c-5,6.7-7.4,15.7-7.1,26.9h-41.9  c0.4-11.3,2.4-22.1,5.8-32.3c3.7-8.9,9.4-17.2,17.3-24.7c5.9-5.4,12.8-9.4,20.9-12.3c8.1-2.8,18-4.2,29.7-4.2  c21.8,0,39.4,5.6,52.8,16.9s20,26.4,20,45.4c0,13.4-4,24.8-12,34c-5,5.8-10.3,9.7-15.7,11.8c4.1,0,10,3.5,17.6,10.5  c11.4,10.6,17.2,25.1,17.2,43.4c0,19.3-6.7,36.3-20.1,50.9c-13.4,14.6-33.2,22-59.4,22c-32.3,0-54.7-10.5-67.3-31.6  c-6.6-11.2-10.3-25.9-11-44.1h44.1V518z\"><\/path><\/g><text transform=\"matrix(1 0 0 1 -564.3497 2067.7942)\" class=\"st1\" style=\"font-size:278.7368px;\">3<\/text><text transform=\"matrix(1 0 0 1 45 155.9246)\" class=\"st1 st2\">AGE<\/text><\/svg>\t\t\t<\/div>\n\t\t<\/div>\n\t\t\t\t\t\t<\/div>\n\t\t\t\t<\/div>\n\t\t\t\t<div class=\"elementor-element elementor-element-2ae81b9 elementor-view-default elementor-widget elementor-widget-icon\" data-id=\"2ae81b9\" data-element_type=\"widget\" data-no-translation=\"\" data-widget_type=\"icon.default\">\n\t\t\t\t<div class=\"elementor-widget-container\">\n\t\t\t\t\t<style>.elementor-element-2ae81b9{display:none !important}<\/style>\t\t\t\t<\/div>\n\t\t\t\t<\/div>\n\t\t\t\t<div class=\"elementor-element elementor-element-1183f8f elementor-widget elementor-widget-image\" data-id=\"1183f8f\" data-element_type=\"widget\" data-widget_type=\"image.default\">\n\t\t\t\t<div class=\"elementor-widget-container\">\n\t\t\t\t\t\t\t\t\t\t\t\t\t\t\t<img decoding=\"async\" width=\"600\" height=\"439\" src=\"https:\/\/www.megaplast-indjija.rs\/wp-content\/uploads\/2025\/07\/Mega-puzzle-zivotinje-bar-kod-2.png\" class=\"attachment-full size-full wp-image-9851\" alt=\"\" srcset=\"https:\/\/www.megaplast-indjija.rs\/wp-content\/uploads\/2025\/07\/Mega-puzzle-zivotinje-bar-kod-2.png 600w, https:\/\/www.megaplast-indjija.rs\/wp-content\/uploads\/2025\/07\/Mega-puzzle-zivotinje-bar-kod-2-300x220.png 300w, https:\/\/www.megaplast-indjija.rs\/wp-content\/uploads\/2025\/07\/Mega-puzzle-zivotinje-bar-kod-2-16x12.png 16w\" sizes=\"(max-width: 600px) 100vw, 600px\" \/>\t\t\t\t\t\t\t\t\t\t\t\t\t\t\t<\/div>\n\t\t\t\t<\/div>\n\t\t\t\t<div class=\"elementor-element elementor-element-f6021db elementor-widget elementor-widget-spacer\" data-id=\"f6021db\" data-element_type=\"widget\" data-widget_type=\"spacer.default\">\n\t\t\t\t<div class=\"elementor-widget-container\">\n\t\t\t\t\t\t\t<div class=\"elementor-spacer\">\n\t\t\t<div class=\"elementor-spacer-inner\"><\/div>\n\t\t<\/div>\n\t\t\t\t\t\t<\/div>\n\t\t\t\t<\/div>\n\t\t\t\t<div class=\"elementor-element elementor-element-f90a072 elementor-widget elementor-widget-kundaxteacherinforamtions\" data-id=\"f90a072\" data-element_type=\"widget\" data-widget_type=\"kundaxteacherinforamtions.default\">\n\t\t\t\t<div class=\"elementor-widget-container\">\n\t\t\t\t\t<!-----------------------Start Teacher Info Area-----------------------><div class=\"widget wow fadeInUp\" data-wow-delay=\"0.4s\"><div class=\"author-widget-wrap\"><div class=\"avator\"><img decoding=\"async\" src=\"https:\/\/www.megaplast-indjija.rs\/wp-content\/uploads\/2025\/04\/leptir-logo.png\" alt=\"Megaplast In\u0111ija\"><\/div><div class=\"author-info\"><h4 class=\"name text-title\"><a href=\"#\">MEGAPLAST<\/a><\/h4><\/div><p class=\"author-bio\">Guided by a tradition of quality and a desire to inspire, we build a world of imagination through diverse shapes and endless possibilities. <\/p><div class=\"multi-social\"><a  target=\"_blank\" rel=\"nofollow\" href=\"http:\/\/linkedin.com\"><\/a><\/div><\/div><\/div><!-----------------------End Teacher Info Area----------------------->\t\t\t\t<\/div>\n\t\t\t\t<\/div>\n\t\t\t\t\t<\/div>\n\t\t<\/div>\n\t\t\t\t\t<\/div>\n\t\t<\/section>\n\t\t\t\t\t<\/div>\n\t\t<\/div>\n\t\t\t\t\t<\/div>\n\t\t<\/section>\n\t\t\t\t<\/div>","protected":false},"excerpt":{"rendered":"<p>Mega puzzle \u017eivotinje Mega puzzle \u017eivotinje su edukativne igra\u010dke namenjene deci koja \u017eele da kroz igru razvijaju svoje motori\u010dke i logi\u010dke sposobnosti. Sadr\u017ee razli\u010dite plasti\u010dne elemente prilago\u0111ene de\u010dijim rukama koji se lako uklapaju, omogu\u0107avaju\u0107i mali\u0161anima da naprave svoje \u017eivotinje. Edicija \u017eivotinja obuhvata 6 razli\u010ditih \u017eivotinja koja dolaze upakovana u kartonski displej. MEGAPLAST Vo\u0111eni tradicijom kvaliteta&#8230;<\/p>","protected":false},"author":2,"featured_media":0,"parent":4867,"menu_order":0,"comment_status":"closed","ping_status":"closed","template":"template-builder.php","meta":{"footnotes":""},"class_list":["post-9665","page","type-page","status-publish","hentry"],"aioseo_notices":[],"_links":{"self":[{"href":"https:\/\/www.megaplast-indjija.rs\/en\/wp-json\/wp\/v2\/pages\/9665","targetHints":{"allow":["GET"]}}],"collection":[{"href":"https:\/\/www.megaplast-indjija.rs\/en\/wp-json\/wp\/v2\/pages"}],"about":[{"href":"https:\/\/www.megaplast-indjija.rs\/en\/wp-json\/wp\/v2\/types\/page"}],"author":[{"embeddable":true,"href":"https:\/\/www.megaplast-indjija.rs\/en\/wp-json\/wp\/v2\/users\/2"}],"replies":[{"embeddable":true,"href":"https:\/\/www.megaplast-indjija.rs\/en\/wp-json\/wp\/v2\/comments?post=9665"}],"version-history":[{"count":0,"href":"https:\/\/www.megaplast-indjija.rs\/en\/wp-json\/wp\/v2\/pages\/9665\/revisions"}],"up":[{"embeddable":true,"href":"https:\/\/www.megaplast-indjija.rs\/en\/wp-json\/wp\/v2\/pages\/4867"}],"wp:attachment":[{"href":"https:\/\/www.megaplast-indjija.rs\/en\/wp-json\/wp\/v2\/media?parent=9665"}],"curies":[{"name":"wp","href":"https:\/\/api.w.org\/{rel}","templated":true}]}}